{"id":895,"date":"2026-03-24T17:45:20","date_gmt":"2026-03-24T16:45:20","guid":{"rendered":"https:\/\/leandrianelle.it\/esperienze\/"},"modified":"2026-03-24T17:45:20","modified_gmt":"2026-03-24T16:45:20","slug":"esperienze","status":"publish","type":"page","link":"https:\/\/leandrianelle.it\/en\/esperienze\/","title":{"rendered":"Esperienze"},"content":{"rendered":"<p>[et_pb_section fb_built=\"1\" _builder_version=\"4.27.6\" _module_preset=\"default\" use_background_color_gradient=\"on\" background_color_gradient_stops=\"rgba(255,255,255,0) 0%|#ffffff 68%|#ffffff 100%\" background_color_gradient_overlays_image=\"on\" background_image=\"https:\/\/leandrianelle.it\/wp-content\/uploads\/2026\/05\/bg_experience.jpg\" hover_enabled=\"0\" global_colors_info=\"{}\" title_text=\"bg_experience\" sticky_enabled=\"0\"][et_pb_row _builder_version=\"4.27.6\" _module_preset=\"default\" custom_margin=\"40vh||0px||false|false\" hover_enabled=\"0\" global_colors_info=\"{}\" sticky_enabled=\"0\"][et_pb_column type=\"4_4\" _builder_version=\"4.27.6\" _module_preset=\"default\" global_colors_info=\"{}\"][et_pb_text _builder_version=\"4.27.6\" _module_preset=\"default\" text_font=\"|600||on|||||\" text_text_color=\"#C4A484\" locked=\"off\" global_colors_info=\"{}\"]<\/p>\n<p>esplora il territorio<\/p>\n<p>[\/et_pb_text][et_pb_text _builder_version=\"4.27.6\" _module_preset=\"default\" header_font_size=\"5em\" header_2_font_size=\"4.5em\" header_2_line_height=\"1.1em\" header_2_font_size_tablet=\"4.5em\" header_2_font_size_phone=\"2.5em\" header_2_font_size_last_edited=\"on|phone\" locked=\"off\" global_colors_info=\"{}\"]<\/p>\n<h1>Esperienze<\/h1>\n<p>[\/et_pb_text][\/et_pb_column][\/et_pb_row][\/et_pb_section][et_pb_section fb_built=\"1\" _builder_version=\"4.27.6\" _module_preset=\"default\" custom_padding=\"0px||||false|false\" global_colors_info=\"{}\"][et_pb_row column_structure=\"1_3,1_3,1_3\" use_custom_gutter=\"on\" gutter_width=\"2\" make_equal=\"on\" _builder_version=\"4.27.6\" _module_preset=\"default\" global_colors_info=\"{}\"][et_pb_column type=\"1_3\" module_class=\"special-column\" _builder_version=\"4.27.6\" _dynamic_attributes=\"link_option_url\" _module_preset=\"default\" background_enable_color=\"off\" custom_padding=\"30vh|2%|2%|2%|false|true\" animation_style=\"slide\" animation_direction=\"bottom\" link_option_url=\"@ET-DC@eyJkeW5hbWljIjp0cnVlLCJjb250ZW50IjoicG9zdF9saW5rX3VybF9wYWdlIiwic2V0dGluZ3MiOnsicG9zdF9pZCI6IjcxNyJ9fQ==@\" global_colors_info=\"{}\"][et_pb_image src=\"https:\/\/leandrianelle.it\/wp-content\/uploads\/2026\/04\/strada-delle-52-gallerie-del-pasubio_parcheggio-52-gallerie-pasubio_piccole-dolomiti-vicenza_come-arrivare-al-rifugio-achille-papa.webp\" title_text=\"strada-delle-52-gallerie-del-pasubio_parcheggio-52-gallerie-pasubio_piccole-dolomiti-vicenza_come-arrivare-al-rifugio-achille-papa\" force_fullwidth=\"on\" module_class=\"special-img\" _builder_version=\"4.27.6\" _module_preset=\"default\" min_height=\"100%\" height=\"100%\" max_height=\"100%\" hover_enabled=\"0\" global_colors_info=\"{}\" sticky_enabled=\"0\"][\/et_pb_image][et_pb_divider color=\"#C4A484\" divider_weight=\"2px\" module_class=\"transly w-change\" _builder_version=\"4.27.6\" _module_preset=\"default\" width=\"75px\" custom_margin=\"||5px||false|false\" global_colors_info=\"{}\" width__hover_enabled=\"off|desktop\" width__hover=\"150px\"][\/et_pb_divider][et_pb_text module_class=\"transly\" _builder_version=\"4.27.6\" _module_preset=\"default\" text_font=\"|600||on|||||\" text_text_color=\"#C4A484\" transform_translate_linked=\"off\" transform_translate_linked__hover=\"off\" custom_margin=\"||10px||false|false\" locked=\"off\" global_colors_info=\"{}\" transform_styles__hover_enabled=\"off|desktop\" transform_scale__hover_enabled=\"off|desktop\" transform_translate__hover_enabled=\"off|desktop\" transform_rotate__hover_enabled=\"off|desktop\" transform_skew__hover_enabled=\"off|desktop\" transform_origin__hover_enabled=\"off|desktop\" transform_translate__hover=\"0px|-1rem\"]<\/p>\n<p>natura e paesaggi<\/p>\n<p>[\/et_pb_text][et_pb_text module_class=\"transly\" _builder_version=\"4.27.6\" _module_preset=\"default\" header_2_text_color=\"#FFFFFF\" header_2_font_size=\"30px\" header_2_line_height=\"1.2em\" transform_translate_linked=\"off\" transform_translate_linked__hover=\"off\" custom_margin=\"||15px||false|false\" global_colors_info=\"{}\" transform_styles__hover_enabled=\"off|desktop\" transform_scale__hover_enabled=\"off|desktop\" transform_translate__hover_enabled=\"off|desktop\" transform_rotate__hover_enabled=\"off|desktop\" transform_skew__hover_enabled=\"off|desktop\" transform_origin__hover_enabled=\"off|desktop\" transform_translate__hover=\"0px|-1rem\"]<\/p>\n<h2>Percorsi Naturalistici<\/h2>\n<p>[\/et_pb_text][et_pb_text module_class=\"transly special-link\" _builder_version=\"4.27.6\" _module_preset=\"default\" text_text_color=\"#FFFFFF\" link_font=\"|||on|on|||#FFFFFF|\" link_text_color=\"#FFFFFF\" transform_translate_linked=\"off\" transform_translate_linked__hover=\"off\" global_colors_info=\"{}\" transform_styles__hover_enabled=\"off|desktop\" transform_scale__hover_enabled=\"off|desktop\" transform_translate__hover_enabled=\"off|desktop\" transform_rotate__hover_enabled=\"off|desktop\" transform_skew__hover_enabled=\"off|desktop\" transform_origin__hover_enabled=\"off|desktop\" transform_translate__hover=\"0px|-1rem\"]<\/p>\n<p><a href=\"\/la-pedemontana-veneta\/\"><span>Scopri di pi\u00f9<\/span><\/a><\/p>\n<p>[\/et_pb_text][\/et_pb_column][et_pb_column type=\"1_3\" module_class=\"special-column\" _builder_version=\"4.27.6\" _dynamic_attributes=\"link_option_url\" _module_preset=\"default\" background_enable_color=\"off\" custom_padding=\"30vh|2%|2%|2%|false|true\" animation_style=\"slide\" animation_direction=\"bottom\" animation_delay=\"500ms\" link_option_url=\"@ET-DC@eyJkeW5hbWljIjp0cnVlLCJjb250ZW50IjoicG9zdF9saW5rX3VybF9wYWdlIiwic2V0dGluZ3MiOnsicG9zdF9pZCI6IjcxOCJ9fQ==@\" global_colors_info=\"{}\"][et_pb_image src=\"https:\/\/leandrianelle.it\/wp-content\/uploads\/2026\/04\/villa-godi-giardini_slide.jpg\" title_text=\"villa-godi-giardini_slide\" force_fullwidth=\"on\" module_class=\"special-img\" _builder_version=\"4.27.6\" _module_preset=\"default\" min_height=\"100%\" height=\"100%\" max_height=\"100%\" hover_enabled=\"0\" global_colors_info=\"{}\" sticky_enabled=\"0\"][\/et_pb_image][et_pb_divider color=\"#C4A484\" divider_weight=\"2px\" module_class=\"transly w-change\" _builder_version=\"4.27.6\" _module_preset=\"default\" width=\"75px\" custom_margin=\"||5px||false|false\" global_colors_info=\"{}\" width__hover_enabled=\"off|desktop\" width__hover=\"150px\"][\/et_pb_divider][et_pb_text module_class=\"transly\" _builder_version=\"4.27.6\" _module_preset=\"default\" text_font=\"|600||on|||||\" text_text_color=\"#C4A484\" transform_translate_linked=\"off\" transform_translate_linked__hover=\"off\" custom_margin=\"||10px||false|false\" locked=\"off\" global_colors_info=\"{}\" transform_styles__hover_enabled=\"off|desktop\" transform_scale__hover_enabled=\"off|desktop\" transform_translate__hover_enabled=\"off|desktop\" transform_rotate__hover_enabled=\"off|desktop\" transform_skew__hover_enabled=\"off|desktop\" transform_origin__hover_enabled=\"off|desktop\" transform_translate__hover=\"0px|-1rem\"]<\/p>\n<p>arte e storia<\/p>\n<p>[\/et_pb_text][et_pb_text module_class=\"transly\" _builder_version=\"4.27.6\" _module_preset=\"default\" header_2_text_color=\"#FFFFFF\" header_2_font_size=\"30px\" header_2_line_height=\"1.2em\" transform_translate_linked=\"off\" transform_translate_linked__hover=\"off\" custom_margin=\"||15px||false|false\" global_colors_info=\"{}\" transform_styles__hover_enabled=\"off|desktop\" transform_scale__hover_enabled=\"off|desktop\" transform_translate__hover_enabled=\"off|desktop\" transform_rotate__hover_enabled=\"off|desktop\" transform_skew__hover_enabled=\"off|desktop\" transform_origin__hover_enabled=\"off|desktop\" transform_translate__hover=\"0px|-1rem\"]<\/p>\n<h2>Tra ville e dimore storiche<\/h2>\n<p>[\/et_pb_text][et_pb_text module_class=\"transly special-link\" _builder_version=\"4.27.6\" _module_preset=\"default\" text_text_color=\"#FFFFFF\" link_font=\"|||on|on|||#FFFFFF|\" link_text_color=\"#FFFFFF\" transform_translate_linked=\"off\" transform_translate_linked__hover=\"off\" global_colors_info=\"{}\" transform_styles__hover_enabled=\"off|desktop\" transform_scale__hover_enabled=\"off|desktop\" transform_translate__hover_enabled=\"off|desktop\" transform_rotate__hover_enabled=\"off|desktop\" transform_skew__hover_enabled=\"off|desktop\" transform_origin__hover_enabled=\"off|desktop\" transform_translate__hover=\"0px|-1rem\"]<\/p>\n<p><a href=\"https:\/\/leandrianelle.it\/ville-dimore-storiche\/\"><span>Scopri di pi\u00f9<\/span><\/a><\/p>\n<p>[\/et_pb_text][\/et_pb_column][et_pb_column type=\"1_3\" module_class=\"special-column\" _builder_version=\"4.27.6\" _dynamic_attributes=\"link_option_url\" _module_preset=\"default\" background_enable_color=\"off\" custom_padding=\"30vh|2%|2%|2%|false|true\" animation_style=\"slide\" animation_direction=\"bottom\" animation_delay=\"1000ms\" link_option_url=\"@ET-DC@eyJkeW5hbWljIjp0cnVlLCJjb250ZW50IjoicG9zdF9saW5rX3VybF9wYWdlIiwic2V0dGluZ3MiOnsicG9zdF9pZCI6IjcxOSJ9fQ==@\" global_colors_info=\"{}\"][et_pb_image src=\"https:\/\/leandrianelle.it\/wp-content\/uploads\/2026\/05\/Vicenza-Leone_di_S.Marco_part-2_hdcahu-480x640.jpg.webp\" title_text=\"Vicenza-Leone_di_S.Marco_part-2_hdcahu-480x640.jpg\" force_fullwidth=\"on\" module_class=\"special-img\" _builder_version=\"4.27.6\" _module_preset=\"default\" min_height=\"100%\" height=\"100%\" max_height=\"100%\" hover_enabled=\"0\" global_colors_info=\"{}\" sticky_enabled=\"0\"][\/et_pb_image][et_pb_divider color=\"#C4A484\" divider_weight=\"2px\" module_class=\"transly w-change\" _builder_version=\"4.27.6\" _module_preset=\"default\" width=\"75px\" custom_margin=\"||5px||false|false\" global_colors_info=\"{}\" width__hover_enabled=\"off|desktop\" width__hover=\"150px\"][\/et_pb_divider][et_pb_text module_class=\"transly\" _builder_version=\"4.27.6\" _module_preset=\"default\" text_font=\"|600||on|||||\" text_text_color=\"#C4A484\" transform_translate_linked=\"off\" transform_translate_linked__hover=\"off\" custom_margin=\"||10px||false|false\" locked=\"off\" global_colors_info=\"{}\" transform_styles__hover_enabled=\"off|desktop\" transform_scale__hover_enabled=\"off|desktop\" transform_translate__hover_enabled=\"off|desktop\" transform_rotate__hover_enabled=\"off|desktop\" transform_skew__hover_enabled=\"off|desktop\" transform_origin__hover_enabled=\"off|desktop\" transform_translate__hover=\"0px|-1rem\"]<\/p>\n<p>cultura autentica<\/p>\n<p>[\/et_pb_text][et_pb_text module_class=\"transly\" _builder_version=\"4.27.6\" _module_preset=\"default\" header_2_text_color=\"#FFFFFF\" header_2_font_size=\"30px\" header_2_line_height=\"1.2em\" transform_translate_linked=\"off\" transform_translate_linked__hover=\"off\" custom_margin=\"||15px||false|false\" global_colors_info=\"{}\" transform_styles__hover_enabled=\"off|desktop\" transform_scale__hover_enabled=\"off|desktop\" transform_translate__hover_enabled=\"off|desktop\" transform_rotate__hover_enabled=\"off|desktop\" transform_skew__hover_enabled=\"off|desktop\" transform_origin__hover_enabled=\"off|desktop\" transform_translate__hover=\"0px|-1rem\"]<\/p>\n<h2>Tradizioni e cultura locale<\/h2>\n<p>[\/et_pb_text][et_pb_text module_class=\"transly special-link\" _builder_version=\"4.27.6\" _module_preset=\"default\" text_text_color=\"#FFFFFF\" link_font=\"|||on|on|||#FFFFFF|\" link_text_color=\"#FFFFFF\" transform_translate_linked=\"off\" transform_translate_linked__hover=\"off\" global_colors_info=\"{}\" transform_styles__hover_enabled=\"off|desktop\" transform_scale__hover_enabled=\"off|desktop\" transform_translate__hover_enabled=\"off|desktop\" transform_rotate__hover_enabled=\"off|desktop\" transform_skew__hover_enabled=\"off|desktop\" transform_origin__hover_enabled=\"off|desktop\" transform_translate__hover=\"0px|-1rem\"]<\/p>\n<p><a href=\"https:\/\/leandrianelle.it\/tradizioni-cultura-locale\/\"><span>Scopri di pi\u00f9<\/span><\/a><\/p>\n<p>[\/et_pb_text][\/et_pb_column][\/et_pb_row][\/et_pb_section]<\/p>\n","protected":false},"excerpt":{"rendered":"<p>esplora il territorioEsperienzenatura e paesaggiPercorsi NaturalisticiScopri di pi\u00f9arte e storiaTra ville e dimore storicheScopri di pi\u00f9cultura autenticaTradizioni e cultura localeScopri di pi\u00f9<\/p>\n","protected":false},"author":1,"featured_media":0,"parent":0,"menu_order":0,"comment_status":"open","ping_status":"open","template":"","meta":{"_acf_changed":false,"_et_pb_use_builder":"on","_et_pb_old_content":"","_et_gb_content_width":"","footnotes":""},"page_category":[59],"class_list":["post-895","page","type-page","status-publish","hentry","page_category-hotel"],"acf":[],"yoast_head":"<!-- This site is optimized with the Yoast SEO plugin v27.5 - https:\/\/yoast.com\/product\/yoast-seo-wordpress\/ -->\n<title>Esperienze - Le Andrianelle Ristorante e Hotel<\/title>\n<meta name=\"robots\" content=\"index, follow, max-snippet:-1, max-image-preview:large, max-video-preview:-1\" \/>\n<link rel=\"canonical\" href=\"https:\/\/leandrianelle.it\/en\/esperienze\/\" \/>\n<meta property=\"og:locale\" content=\"en_US\" \/>\n<meta property=\"og:type\" content=\"article\" \/>\n<meta property=\"og:title\" content=\"Esperienze - Le Andrianelle Ristorante e Hotel\" \/>\n<meta property=\"og:description\" content=\"esplora il territorioEsperienzenatura e paesaggiPercorsi NaturalisticiScopri di pi\u00f9arte e storiaTra ville e dimore storicheScopri di pi\u00f9cultura autenticaTradizioni e cultura localeScopri di pi\u00f9\" \/>\n<meta property=\"og:url\" content=\"https:\/\/leandrianelle.it\/en\/esperienze\/\" \/>\n<meta property=\"og:site_name\" content=\"Le Andrianelle Ristorante e Hotel\" \/>\n<meta name=\"twitter:card\" content=\"summary_large_image\" \/>\n<meta name=\"twitter:label1\" content=\"Est. reading time\" \/>\n\t<meta name=\"twitter:data1\" content=\"7 minutes\" \/>\n<script type=\"application\/ld+json\" class=\"yoast-schema-graph\">{\"@context\":\"https:\\\/\\\/schema.org\",\"@graph\":[{\"@type\":\"WebPage\",\"@id\":\"https:\\\/\\\/leandrianelle.it\\\/en\\\/esperienze\\\/\",\"url\":\"https:\\\/\\\/leandrianelle.it\\\/en\\\/esperienze\\\/\",\"name\":\"Esperienze - Le Andrianelle Ristorante e Hotel\",\"isPartOf\":{\"@id\":\"https:\\\/\\\/leandrianelle.it\\\/en\\\/#website\"},\"datePublished\":\"2026-03-24T16:45:20+00:00\",\"breadcrumb\":{\"@id\":\"https:\\\/\\\/leandrianelle.it\\\/en\\\/esperienze\\\/#breadcrumb\"},\"inLanguage\":\"en-US\",\"potentialAction\":[{\"@type\":\"ReadAction\",\"target\":[\"https:\\\/\\\/leandrianelle.it\\\/en\\\/esperienze\\\/\"]}]},{\"@type\":\"BreadcrumbList\",\"@id\":\"https:\\\/\\\/leandrianelle.it\\\/en\\\/esperienze\\\/#breadcrumb\",\"itemListElement\":[{\"@type\":\"ListItem\",\"position\":1,\"name\":\"Home\",\"item\":\"https:\\\/\\\/leandrianelle.it\\\/en\\\/home\\\/\"},{\"@type\":\"ListItem\",\"position\":2,\"name\":\"Esperienze\"}]},{\"@type\":\"WebSite\",\"@id\":\"https:\\\/\\\/leandrianelle.it\\\/en\\\/#website\",\"url\":\"https:\\\/\\\/leandrianelle.it\\\/en\\\/\",\"name\":\"Le Andrianelle Ristorante e Hotel\",\"description\":\"\",\"potentialAction\":[{\"@type\":\"SearchAction\",\"target\":{\"@type\":\"EntryPoint\",\"urlTemplate\":\"https:\\\/\\\/leandrianelle.it\\\/en\\\/?s={search_term_string}\"},\"query-input\":{\"@type\":\"PropertyValueSpecification\",\"valueRequired\":true,\"valueName\":\"search_term_string\"}}],\"inLanguage\":\"en-US\"}]}<\/script>\n<!-- \/ Yoast SEO plugin. -->","yoast_head_json":{"title":"Esperienze - Le Andrianelle Ristorante e Hotel","robots":{"index":"index","follow":"follow","max-snippet":"max-snippet:-1","max-image-preview":"max-image-preview:large","max-video-preview":"max-video-preview:-1"},"canonical":"https:\/\/leandrianelle.it\/en\/esperienze\/","og_locale":"en_US","og_type":"article","og_title":"Esperienze - Le Andrianelle Ristorante e Hotel","og_description":"esplora il territorioEsperienzenatura e paesaggiPercorsi NaturalisticiScopri di pi\u00f9arte e storiaTra ville e dimore storicheScopri di pi\u00f9cultura autenticaTradizioni e cultura localeScopri di pi\u00f9","og_url":"https:\/\/leandrianelle.it\/en\/esperienze\/","og_site_name":"Le Andrianelle Ristorante e Hotel","twitter_card":"summary_large_image","twitter_misc":{"Est. reading time":"7 minutes"},"schema":{"@context":"https:\/\/schema.org","@graph":[{"@type":"WebPage","@id":"https:\/\/leandrianelle.it\/en\/esperienze\/","url":"https:\/\/leandrianelle.it\/en\/esperienze\/","name":"Esperienze - Le Andrianelle Ristorante e Hotel","isPartOf":{"@id":"https:\/\/leandrianelle.it\/en\/#website"},"datePublished":"2026-03-24T16:45:20+00:00","breadcrumb":{"@id":"https:\/\/leandrianelle.it\/en\/esperienze\/#breadcrumb"},"inLanguage":"en-US","potentialAction":[{"@type":"ReadAction","target":["https:\/\/leandrianelle.it\/en\/esperienze\/"]}]},{"@type":"BreadcrumbList","@id":"https:\/\/leandrianelle.it\/en\/esperienze\/#breadcrumb","itemListElement":[{"@type":"ListItem","position":1,"name":"Home","item":"https:\/\/leandrianelle.it\/en\/home\/"},{"@type":"ListItem","position":2,"name":"Esperienze"}]},{"@type":"WebSite","@id":"https:\/\/leandrianelle.it\/en\/#website","url":"https:\/\/leandrianelle.it\/en\/","name":"Le Andrianelle Ristorante e Hotel","description":"","potentialAction":[{"@type":"SearchAction","target":{"@type":"EntryPoint","urlTemplate":"https:\/\/leandrianelle.it\/en\/?s={search_term_string}"},"query-input":{"@type":"PropertyValueSpecification","valueRequired":true,"valueName":"search_term_string"}}],"inLanguage":"en-US"}]}},"_links":{"self":[{"href":"https:\/\/leandrianelle.it\/en\/wp-json\/wp\/v2\/pages\/895","targetHints":{"allow":["GET"]}}],"collection":[{"href":"https:\/\/leandrianelle.it\/en\/wp-json\/wp\/v2\/pages"}],"about":[{"href":"https:\/\/leandrianelle.it\/en\/wp-json\/wp\/v2\/types\/page"}],"author":[{"embeddable":true,"href":"https:\/\/leandrianelle.it\/en\/wp-json\/wp\/v2\/users\/1"}],"replies":[{"embeddable":true,"href":"https:\/\/leandrianelle.it\/en\/wp-json\/wp\/v2\/comments?post=895"}],"version-history":[{"count":0,"href":"https:\/\/leandrianelle.it\/en\/wp-json\/wp\/v2\/pages\/895\/revisions"}],"wp:attachment":[{"href":"https:\/\/leandrianelle.it\/en\/wp-json\/wp\/v2\/media?parent=895"}],"wp:term":[{"taxonomy":"page_category","embeddable":true,"href":"https:\/\/leandrianelle.it\/en\/wp-json\/wp\/v2\/page_category?post=895"}],"curies":[{"name":"wp","href":"https:\/\/api.w.org\/{rel}","templated":true}]}}