{"id":896,"date":"2026-04-11T08:32:52","date_gmt":"2026-04-11T06:32:52","guid":{"rendered":"https:\/\/leandrianelle.it\/eventi\/"},"modified":"2026-04-11T08:32:52","modified_gmt":"2026-04-11T06:32:52","slug":"eventi","status":"publish","type":"page","link":"https:\/\/leandrianelle.it\/en\/eventi\/","title":{"rendered":"Eventi"},"content":{"rendered":"<p>[et_pb_section fb_built=\"1\" _builder_version=\"4.27.6\" _module_preset=\"default\" background_enable_color=\"off\" background_enable_image=\"off\" background_position=\"center_center\" background_blend=\"multiply\" custom_padding=\"120px|0px|120px|0px|true|true\" global_colors_info=\"{}\"][et_pb_row _builder_version=\"4.27.6\" _module_preset=\"default\" width=\"90%\" max_width=\"1080px\" custom_padding=\"0px|0px|30px|0px|true|true\" global_colors_info=\"{}\"][et_pb_column type=\"4_4\" _builder_version=\"4.27.6\" _module_preset=\"default\" global_colors_info=\"{}\"][et_pb_text _builder_version=\"4.27.6\" _module_preset=\"default\" text_font=\"|600||on|||||\" text_text_color=\"#C4A484\" text_letter_spacing=\"3px\" text_orientation=\"center\" global_colors_info=\"{}\"]<\/p>\n<p>Esperienze Uniche<\/p>\n<p>[\/et_pb_text][et_pb_text _builder_version=\"4.27.6\" _module_preset=\"default\" header_font=\"Cormorant Garamond||||||||\" header_text_color=\"#FFFFFF\" header_font_size=\"72px\" header_line_height=\"1.1em\" header_2_font_size=\"4em\" text_orientation=\"center\" custom_margin=\"0px|0px|40px|0px|false|false\" header_2_font_size_tablet=\"2.5em\" header_2_font_size_phone=\"2.5em\" header_2_font_size_last_edited=\"on|desktop\" global_colors_info=\"{}\"]<\/p>\n<div class=\"text-center mb-20\">\n<h2 class=\"font-serif text-5xl md:text-6xl text-[#2B2B2B]\">Organizza il tuo momento con noi.<\/h2>\n<\/div>\n<div class=\"grid grid-cols-1 md:grid-cols-2 gap-12 mb-24\">\n<div class=\"group cursor-pointer\"><\/div>\n<\/div>\n<p>[\/et_pb_text][\/et_pb_column][\/et_pb_row][et_pb_row column_structure=\"1_3,1_3,1_3\" disabled_on=\"on|on|on\" _builder_version=\"4.27.6\" _module_preset=\"default\" disabled=\"on\" global_colors_info=\"{}\"][et_pb_column type=\"1_3\" module_class=\"img-fit\" _builder_version=\"4.27.6\" _dynamic_attributes=\"link_option_url\" _module_preset=\"default\" link_option_url=\"@ET-DC@eyJkeW5hbWljIjp0cnVlLCJjb250ZW50IjoicG9zdF9saW5rX3VybF9wYWdlIiwic2V0dGluZ3MiOnsicG9zdF9pZCI6IjIwNSJ9fQ==@\" global_colors_info=\"{}\"][et_pb_image src=\"https:\/\/leandrianelle.it\/wp-content\/uploads\/2026\/03\/13-e1775897466513.jpg\" title_text=\"13\" _builder_version=\"4.27.6\" _module_preset=\"default\" global_colors_info=\"{}\"][\/et_pb_image][et_pb_text _builder_version=\"4.27.6\" _module_preset=\"default\" header_3_text_align=\"center\" header_3_font_size=\"30px\" global_colors_info=\"{}\"]<\/p>\n<h3>Eventi Privati<\/h3>\n<p>[\/et_pb_text][et_pb_divider color=\"#C4A484\" _builder_version=\"4.27.6\" _module_preset=\"default\" max_width=\"0%\" module_alignment=\"center\" global_colors_info=\"{}\"][\/et_pb_divider][\/et_pb_column][et_pb_column type=\"1_3\" module_class=\"img-fit\" _builder_version=\"4.27.6\" _dynamic_attributes=\"link_option_url\" _module_preset=\"default\" link_option_url=\"@ET-DC@eyJkeW5hbWljIjp0cnVlLCJjb250ZW50IjoicG9zdF9saW5rX3VybF9wYWdlIiwic2V0dGluZ3MiOnsicG9zdF9pZCI6IjIxMiJ9fQ==@\" global_colors_info=\"{}\"][et_pb_image src=\"https:\/\/leandrianelle.it\/wp-content\/uploads\/2026\/04\/14.jpg\" title_text=\"14\" _builder_version=\"4.27.6\" _module_preset=\"default\" global_colors_info=\"{}\"][\/et_pb_image][et_pb_text _builder_version=\"4.27.6\" _module_preset=\"default\" header_3_text_align=\"center\" header_3_font_size=\"30px\" global_colors_info=\"{}\"]<\/p>\n<h3>Cene Aziendali<\/h3>\n<p>[\/et_pb_text][et_pb_divider color=\"#C4A484\" _builder_version=\"4.27.6\" _module_preset=\"default\" max_width=\"0%\" module_alignment=\"center\" global_colors_info=\"{}\"][\/et_pb_divider][\/et_pb_column][et_pb_column type=\"1_3\" module_class=\"img-fit\" _builder_version=\"4.27.6\" _dynamic_attributes=\"link_option_url\" _module_preset=\"default\" link_option_url=\"@ET-DC@eyJkeW5hbWljIjp0cnVlLCJjb250ZW50IjoicG9zdF9saW5rX3VybF9wYWdlIiwic2V0dGluZ3MiOnsicG9zdF9pZCI6IjIxMiJ9fQ==@\" global_colors_info=\"{}\"][et_pb_image src=\"https:\/\/leandrianelle.it\/wp-content\/uploads\/2026\/03\/15.jpg\" title_text=\"15\" url=\"https:\/\/leandrianelle.it\/esperienza-in-cantina\/\" _builder_version=\"4.27.6\" _module_preset=\"default\" global_colors_info=\"{}\"][\/et_pb_image][et_pb_text _builder_version=\"4.27.6\" _module_preset=\"default\" header_3_text_align=\"center\" header_3_font_size=\"30px\" global_colors_info=\"{}\"]<\/p>\n<h3>Esperienze in Cantina<\/h3>\n<p>[\/et_pb_text][et_pb_divider color=\"#C4A484\" _builder_version=\"4.27.6\" _module_preset=\"default\" max_width=\"0%\" module_alignment=\"center\" global_colors_info=\"{}\"][\/et_pb_divider][\/et_pb_column][\/et_pb_row][et_pb_row column_structure=\"1_3,1_3,1_3\" use_custom_gutter=\"on\" gutter_width=\"2\" make_equal=\"on\" _builder_version=\"4.27.6\" _module_preset=\"default\" hover_enabled=\"0\" locked=\"off\" global_colors_info=\"{}\" sticky_enabled=\"0\"][et_pb_column type=\"1_3\" module_class=\"special-column\" _builder_version=\"4.27.6\" _dynamic_attributes=\"link_option_url\" _module_preset=\"default\" background_enable_color=\"off\" custom_padding=\"30vh|2%|2%|2%|false|true\" animation_style=\"slide\" animation_direction=\"bottom\" link_option_url=\"@ET-DC@eyJkeW5hbWljIjp0cnVlLCJjb250ZW50IjoicG9zdF9saW5rX3VybF9wYWdlIiwic2V0dGluZ3MiOnsicG9zdF9pZCI6IjcyMyJ9fQ==@\" hover_enabled=\"0\" global_colors_info=\"{}\" sticky_enabled=\"0\"][et_pb_image src=\"https:\/\/leandrianelle.it\/wp-content\/uploads\/2026\/03\/13-e1775897466513.jpg\" title_text=\"13\" force_fullwidth=\"on\" module_class=\"special-img\" _builder_version=\"4.27.6\" _module_preset=\"default\" min_height=\"100%\" height=\"100%\" max_height=\"100%\" hover_enabled=\"0\" global_colors_info=\"{}\" sticky_enabled=\"0\"][\/et_pb_image][et_pb_divider color=\"#C4A484\" divider_weight=\"2px\" module_class=\"transly w-change\" _builder_version=\"4.27.6\" _module_preset=\"default\" width=\"75px\" custom_margin=\"||5px||false|false\" global_colors_info=\"{}\" width__hover_enabled=\"off|desktop\" width__hover=\"150px\"][\/et_pb_divider][et_pb_text module_class=\"transly\" _builder_version=\"4.27.6\" _module_preset=\"default\" header_2_text_color=\"#FFFFFF\" header_2_font_size=\"30px\" header_2_line_height=\"1.2em\" transform_translate_linked=\"off\" transform_translate_linked__hover=\"off\" custom_margin=\"||15px||false|false\" global_colors_info=\"{}\" transform_styles__hover_enabled=\"off|desktop\" transform_scale__hover_enabled=\"off|desktop\" transform_translate__hover_enabled=\"off|desktop\" transform_rotate__hover_enabled=\"off|desktop\" transform_skew__hover_enabled=\"off|desktop\" transform_origin__hover_enabled=\"off|desktop\" transform_translate__hover=\"0px|-1rem\"]<\/p>\n<h2>Eventi Privati<\/h2>\n<p>[\/et_pb_text][et_pb_text module_class=\"transly special-link\" _builder_version=\"4.27.6\" _module_preset=\"default\" text_text_color=\"#FFFFFF\" link_font=\"|||on|on|||#FFFFFF|\" link_text_color=\"#FFFFFF\" transform_translate_linked=\"off\" transform_translate_linked__hover=\"off\" global_colors_info=\"{}\" transform_styles__hover_enabled=\"off|desktop\" transform_scale__hover_enabled=\"off|desktop\" transform_translate__hover_enabled=\"off|desktop\" transform_rotate__hover_enabled=\"off|desktop\" transform_skew__hover_enabled=\"off|desktop\" transform_origin__hover_enabled=\"off|desktop\" transform_translate__hover=\"0px|-1rem\"]<a href=\"https:\/\/leandrianelle.it\/eventi-privati\/\"><span>Scopri di pi\u00f9<\/span><\/a>[\/et_pb_text][\/et_pb_column][et_pb_column type=\"1_3\" module_class=\"special-column\" _builder_version=\"4.27.6\" _dynamic_attributes=\"link_option_url\" _module_preset=\"default\" background_enable_color=\"off\" custom_padding=\"30vh|2%|2%|2%|false|true\" animation_style=\"slide\" animation_direction=\"bottom\" animation_delay=\"500ms\" link_option_url=\"@ET-DC@eyJkeW5hbWljIjp0cnVlLCJjb250ZW50IjoicG9zdF9saW5rX3VybF9wYWdlIiwic2V0dGluZ3MiOnsicG9zdF9pZCI6IjcyNCJ9fQ==@\" global_colors_info=\"{}\"][et_pb_image src=\"https:\/\/leandrianelle.it\/wp-content\/uploads\/2026\/03\/14.jpg\" title_text=\"14\" force_fullwidth=\"on\" module_class=\"special-img\" _builder_version=\"4.27.6\" _module_preset=\"default\" min_height=\"100%\" height=\"100%\" max_height=\"100%\" hover_enabled=\"0\" global_colors_info=\"{}\" sticky_enabled=\"0\"][\/et_pb_image][et_pb_divider color=\"#C4A484\" divider_weight=\"2px\" module_class=\"transly w-change\" _builder_version=\"4.27.6\" _module_preset=\"default\" width=\"75px\" custom_margin=\"||5px||false|false\" global_colors_info=\"{}\" width__hover_enabled=\"off|desktop\" width__hover=\"150px\"][\/et_pb_divider][et_pb_text module_class=\"transly\" _builder_version=\"4.27.6\" _module_preset=\"default\" header_2_text_color=\"#FFFFFF\" header_2_font_size=\"30px\" header_2_line_height=\"1.2em\" transform_translate_linked=\"off\" transform_translate_linked__hover=\"off\" custom_margin=\"||15px||false|false\" global_colors_info=\"{}\" transform_styles__hover_enabled=\"off|desktop\" transform_scale__hover_enabled=\"off|desktop\" transform_translate__hover_enabled=\"off|desktop\" transform_rotate__hover_enabled=\"off|desktop\" transform_skew__hover_enabled=\"off|desktop\" transform_origin__hover_enabled=\"off|desktop\" transform_translate__hover=\"0px|-1rem\"]<\/p>\n<h2>Cene aziendali<\/h2>\n<p>[\/et_pb_text][et_pb_text module_class=\"transly special-link\" _builder_version=\"4.27.6\" _module_preset=\"default\" text_text_color=\"#FFFFFF\" link_font=\"|||on|on|||#FFFFFF|\" link_text_color=\"#FFFFFF\" transform_translate_linked=\"off\" transform_translate_linked__hover=\"off\" global_colors_info=\"{}\" transform_styles__hover_enabled=\"off|desktop\" transform_scale__hover_enabled=\"off|desktop\" transform_translate__hover_enabled=\"off|desktop\" transform_rotate__hover_enabled=\"off|desktop\" transform_skew__hover_enabled=\"off|desktop\" transform_origin__hover_enabled=\"off|desktop\" transform_translate__hover=\"0px|-1rem\"]<\/p>\n<p><a href=\"https:\/\/leandrianelle.it\/en\/cene-aziendali\/\"><span>Scopri di pi\u00f9<\/span><\/a><\/p>\n<p>[\/et_pb_text][\/et_pb_column][et_pb_column type=\"1_3\" module_class=\"special-column\" _builder_version=\"4.27.6\" _dynamic_attributes=\"link_option_url\" _module_preset=\"default\" background_enable_color=\"off\" custom_padding=\"30vh|2%|2%|2%|false|true\" animation_style=\"slide\" animation_direction=\"bottom\" animation_delay=\"1000ms\" link_option_url=\"@ET-DC@eyJkeW5hbWljIjp0cnVlLCJjb250ZW50IjoicG9zdF9saW5rX3VybF9wYWdlIiwic2V0dGluZ3MiOnsicG9zdF9pZCI6IjcyNSJ9fQ==@\" global_colors_info=\"{}\"][et_pb_image src=\"https:\/\/leandrianelle.it\/wp-content\/uploads\/2026\/03\/15.jpg\" title_text=\"15\" force_fullwidth=\"on\" module_class=\"special-img\" _builder_version=\"4.27.6\" _module_preset=\"default\" min_height=\"100%\" height=\"100%\" max_height=\"100%\" hover_enabled=\"0\" global_colors_info=\"{}\" sticky_enabled=\"0\"][\/et_pb_image][et_pb_divider color=\"#C4A484\" divider_weight=\"2px\" module_class=\"transly w-change\" _builder_version=\"4.27.6\" _module_preset=\"default\" width=\"75px\" custom_margin=\"||5px||false|false\" global_colors_info=\"{}\" width__hover_enabled=\"off|desktop\" width__hover=\"150px\"][\/et_pb_divider][et_pb_text module_class=\"transly\" _builder_version=\"4.27.6\" _module_preset=\"default\" header_2_text_color=\"#FFFFFF\" header_2_font_size=\"30px\" header_2_line_height=\"1.2em\" transform_translate_linked=\"off\" transform_translate_linked__hover=\"off\" custom_margin=\"||15px||false|false\" global_colors_info=\"{}\" transform_styles__hover_enabled=\"off|desktop\" transform_scale__hover_enabled=\"off|desktop\" transform_translate__hover_enabled=\"off|desktop\" transform_rotate__hover_enabled=\"off|desktop\" transform_skew__hover_enabled=\"off|desktop\" transform_origin__hover_enabled=\"off|desktop\" transform_translate__hover=\"0px|-1rem\"]<\/p>\n<h2>Esperienze in cantina<\/h2>\n<p>[\/et_pb_text][et_pb_text module_class=\"transly special-link\" _builder_version=\"4.27.6\" _module_preset=\"default\" text_text_color=\"#FFFFFF\" link_font=\"|||on|on|||#FFFFFF|\" link_text_color=\"#FFFFFF\" transform_translate_linked=\"off\" transform_translate_linked__hover=\"off\" global_colors_info=\"{}\" transform_styles__hover_enabled=\"off|desktop\" transform_scale__hover_enabled=\"off|desktop\" transform_translate__hover_enabled=\"off|desktop\" transform_rotate__hover_enabled=\"off|desktop\" transform_skew__hover_enabled=\"off|desktop\" transform_origin__hover_enabled=\"off|desktop\" transform_translate__hover=\"0px|-1rem\"]<\/p>\n<p><a href=\"\/esperienze-in-cantina\/\"><span>Scopri di pi\u00f9<\/span><\/a><\/p>\n<p>[\/et_pb_text][\/et_pb_column][\/et_pb_row][et_pb_row column_structure=\"1_2,1_2\" disabled_on=\"on|on|on\" _builder_version=\"4.27.6\" _module_preset=\"default\" disabled=\"on\" global_colors_info=\"{}\"][et_pb_column type=\"1_2\" module_class=\"img-fit\" _builder_version=\"4.27.6\" _dynamic_attributes=\"link_option_url\" _module_preset=\"default\" link_option_url=\"@ET-DC@eyJkeW5hbWljIjp0cnVlLCJjb250ZW50IjoicG9zdF9saW5rX3VybF9wYWdlIiwic2V0dGluZ3MiOnsicG9zdF9pZCI6IjIxOCJ9fQ==@\" global_colors_info=\"{}\"][\/et_pb_column][et_pb_column type=\"1_2\" module_class=\"img-fit\" _builder_version=\"4.27.6\" _dynamic_attributes=\"link_option_url\" _module_preset=\"default\" link_option_url=\"@ET-DC@eyJkeW5hbWljIjp0cnVlLCJjb250ZW50IjoicG9zdF9saW5rX3VybF9wYWdlIiwic2V0dGluZ3MiOnsicG9zdF9pZCI6IjIyNiJ9fQ==@\" global_colors_info=\"{}\"][et_pb_image src=\"https:\/\/leandrianelle.it\/wp-content\/uploads\/2026\/03\/16.jpg\" title_text=\"16\" _builder_version=\"4.27.6\" _module_preset=\"default\" global_colors_info=\"{}\"][\/et_pb_image][et_pb_text _builder_version=\"4.27.6\" _module_preset=\"default\" header_3_text_align=\"center\" header_3_font_size=\"30px\" global_colors_info=\"{}\"]<\/p>\n<h3>Degustazioni Guidate<\/h3>\n<p>[\/et_pb_text][et_pb_divider color=\"#C4A484\" _builder_version=\"4.27.6\" _module_preset=\"default\" max_width=\"0%\" module_alignment=\"center\" global_colors_info=\"{}\"][\/et_pb_divider][\/et_pb_column][\/et_pb_row][\/et_pb_section]<\/p>\n","protected":false},"excerpt":{"rendered":"<p>Esperienze Uniche Organizza il tuo momento con noi. Eventi PrivatiCene AziendaliEsperienze in CantinaEventi PrivatiScopri di pi\u00f9Cene aziendaliScopri di pi\u00f9Esperienze in cantinaScopri di pi\u00f9Degustazioni Guidate<\/p>\n","protected":false},"author":1,"featured_media":0,"parent":0,"menu_order":0,"comment_status":"open","ping_status":"open","template":"","meta":{"_acf_changed":false,"_et_pb_use_builder":"on","_et_pb_old_content":"","_et_gb_content_width":"","footnotes":""},"page_category":[60],"class_list":["post-896","page","type-page","status-publish","hentry","page_category-ristorante"],"acf":[],"yoast_head":"<!-- This site is optimized with the Yoast SEO plugin v27.5 - https:\/\/yoast.com\/product\/yoast-seo-wordpress\/ -->\n<title>Eventi - Le Andrianelle Ristorante e Hotel<\/title>\n<meta name=\"robots\" content=\"index, follow, max-snippet:-1, max-image-preview:large, max-video-preview:-1\" \/>\n<link rel=\"canonical\" href=\"https:\/\/leandrianelle.it\/en\/eventi\/\" \/>\n<meta property=\"og:locale\" content=\"en_US\" \/>\n<meta property=\"og:type\" content=\"article\" \/>\n<meta property=\"og:title\" content=\"Eventi - Le Andrianelle Ristorante e Hotel\" \/>\n<meta property=\"og:description\" content=\"Esperienze Uniche Organizza il tuo momento con noi. Eventi PrivatiCene AziendaliEsperienze in CantinaEventi PrivatiScopri di pi\u00f9Cene aziendaliScopri di pi\u00f9Esperienze in cantinaScopri di pi\u00f9Degustazioni Guidate\" \/>\n<meta property=\"og:url\" content=\"https:\/\/leandrianelle.it\/en\/eventi\/\" \/>\n<meta property=\"og:site_name\" content=\"Le Andrianelle Ristorante e Hotel\" \/>\n<meta name=\"twitter:card\" content=\"summary_large_image\" \/>\n<meta name=\"twitter:label1\" content=\"Est. reading time\" \/>\n\t<meta name=\"twitter:data1\" content=\"8 minutes\" \/>\n<script type=\"application\/ld+json\" class=\"yoast-schema-graph\">{\"@context\":\"https:\\\/\\\/schema.org\",\"@graph\":[{\"@type\":\"WebPage\",\"@id\":\"https:\\\/\\\/leandrianelle.it\\\/en\\\/eventi\\\/\",\"url\":\"https:\\\/\\\/leandrianelle.it\\\/en\\\/eventi\\\/\",\"name\":\"Eventi - Le Andrianelle Ristorante e Hotel\",\"isPartOf\":{\"@id\":\"https:\\\/\\\/leandrianelle.it\\\/en\\\/#website\"},\"datePublished\":\"2026-04-11T06:32:52+00:00\",\"breadcrumb\":{\"@id\":\"https:\\\/\\\/leandrianelle.it\\\/en\\\/eventi\\\/#breadcrumb\"},\"inLanguage\":\"en-US\",\"potentialAction\":[{\"@type\":\"ReadAction\",\"target\":[\"https:\\\/\\\/leandrianelle.it\\\/en\\\/eventi\\\/\"]}]},{\"@type\":\"BreadcrumbList\",\"@id\":\"https:\\\/\\\/leandrianelle.it\\\/en\\\/eventi\\\/#breadcrumb\",\"itemListElement\":[{\"@type\":\"ListItem\",\"position\":1,\"name\":\"Home\",\"item\":\"https:\\\/\\\/leandrianelle.it\\\/en\\\/home\\\/\"},{\"@type\":\"ListItem\",\"position\":2,\"name\":\"Eventi\"}]},{\"@type\":\"WebSite\",\"@id\":\"https:\\\/\\\/leandrianelle.it\\\/en\\\/#website\",\"url\":\"https:\\\/\\\/leandrianelle.it\\\/en\\\/\",\"name\":\"Le Andrianelle Ristorante e Hotel\",\"description\":\"\",\"potentialAction\":[{\"@type\":\"SearchAction\",\"target\":{\"@type\":\"EntryPoint\",\"urlTemplate\":\"https:\\\/\\\/leandrianelle.it\\\/en\\\/?s={search_term_string}\"},\"query-input\":{\"@type\":\"PropertyValueSpecification\",\"valueRequired\":true,\"valueName\":\"search_term_string\"}}],\"inLanguage\":\"en-US\"}]}<\/script>\n<!-- \/ Yoast SEO plugin. -->","yoast_head_json":{"title":"Eventi - Le Andrianelle Ristorante e Hotel","robots":{"index":"index","follow":"follow","max-snippet":"max-snippet:-1","max-image-preview":"max-image-preview:large","max-video-preview":"max-video-preview:-1"},"canonical":"https:\/\/leandrianelle.it\/en\/eventi\/","og_locale":"en_US","og_type":"article","og_title":"Eventi - Le Andrianelle Ristorante e Hotel","og_description":"Esperienze Uniche Organizza il tuo momento con noi. Eventi PrivatiCene AziendaliEsperienze in CantinaEventi PrivatiScopri di pi\u00f9Cene aziendaliScopri di pi\u00f9Esperienze in cantinaScopri di pi\u00f9Degustazioni Guidate","og_url":"https:\/\/leandrianelle.it\/en\/eventi\/","og_site_name":"Le Andrianelle Ristorante e Hotel","twitter_card":"summary_large_image","twitter_misc":{"Est. reading time":"8 minutes"},"schema":{"@context":"https:\/\/schema.org","@graph":[{"@type":"WebPage","@id":"https:\/\/leandrianelle.it\/en\/eventi\/","url":"https:\/\/leandrianelle.it\/en\/eventi\/","name":"Eventi - Le Andrianelle Ristorante e Hotel","isPartOf":{"@id":"https:\/\/leandrianelle.it\/en\/#website"},"datePublished":"2026-04-11T06:32:52+00:00","breadcrumb":{"@id":"https:\/\/leandrianelle.it\/en\/eventi\/#breadcrumb"},"inLanguage":"en-US","potentialAction":[{"@type":"ReadAction","target":["https:\/\/leandrianelle.it\/en\/eventi\/"]}]},{"@type":"BreadcrumbList","@id":"https:\/\/leandrianelle.it\/en\/eventi\/#breadcrumb","itemListElement":[{"@type":"ListItem","position":1,"name":"Home","item":"https:\/\/leandrianelle.it\/en\/home\/"},{"@type":"ListItem","position":2,"name":"Eventi"}]},{"@type":"WebSite","@id":"https:\/\/leandrianelle.it\/en\/#website","url":"https:\/\/leandrianelle.it\/en\/","name":"Le Andrianelle Ristorante e Hotel","description":"","potentialAction":[{"@type":"SearchAction","target":{"@type":"EntryPoint","urlTemplate":"https:\/\/leandrianelle.it\/en\/?s={search_term_string}"},"query-input":{"@type":"PropertyValueSpecification","valueRequired":true,"valueName":"search_term_string"}}],"inLanguage":"en-US"}]}},"_links":{"self":[{"href":"https:\/\/leandrianelle.it\/en\/wp-json\/wp\/v2\/pages\/896","targetHints":{"allow":["GET"]}}],"collection":[{"href":"https:\/\/leandrianelle.it\/en\/wp-json\/wp\/v2\/pages"}],"about":[{"href":"https:\/\/leandrianelle.it\/en\/wp-json\/wp\/v2\/types\/page"}],"author":[{"embeddable":true,"href":"https:\/\/leandrianelle.it\/en\/wp-json\/wp\/v2\/users\/1"}],"replies":[{"embeddable":true,"href":"https:\/\/leandrianelle.it\/en\/wp-json\/wp\/v2\/comments?post=896"}],"version-history":[{"count":0,"href":"https:\/\/leandrianelle.it\/en\/wp-json\/wp\/v2\/pages\/896\/revisions"}],"wp:attachment":[{"href":"https:\/\/leandrianelle.it\/en\/wp-json\/wp\/v2\/media?parent=896"}],"wp:term":[{"taxonomy":"page_category","embeddable":true,"href":"https:\/\/leandrianelle.it\/en\/wp-json\/wp\/v2\/page_category?post=896"}],"curies":[{"name":"wp","href":"https:\/\/api.w.org\/{rel}","templated":true}]}}