{"id":898,"date":"2026-03-21T09:22:20","date_gmt":"2026-03-21T08:22:20","guid":{"rendered":"https:\/\/leandrianelle.it\/home\/"},"modified":"2026-03-21T09:22:20","modified_gmt":"2026-03-21T08:22:20","slug":"home","status":"publish","type":"page","link":"https:\/\/leandrianelle.it\/en\/","title":{"rendered":"Home"},"content":{"rendered":"<p>[et_pb_section fb_built=\"1\" admin_label=\"section\" _builder_version=\"4.27.6\" custom_padding=\"0px||0px||true|false\" global_colors_info=\"{}\"][et_pb_row column_structure=\"1_2,1_2\" use_custom_gutter=\"on\" gutter_width=\"1\" make_equal=\"on\" admin_label=\"row\" module_class=\"special-hover\" _builder_version=\"4.27.6\" background_enable_color=\"off\" background_size=\"initial\" background_position=\"top_left\" background_repeat=\"repeat\" width=\"100%\" max_width=\"100%\" min_height=\"100vh\" custom_padding=\"0px||0px||true|false\" hover_enabled=\"0\" global_colors_info=\"{}\" sticky_enabled=\"0\"][et_pb_column type=\"1_2\" _builder_version=\"4.27.6\" _dynamic_attributes=\"link_option_url\" background_color=\"rgba(43,43,43,0.8)\" background_image=\"https:\/\/leandrianelle.it\/wp-content\/uploads\/2026\/03\/1.jpg\" background_blend=\"overlay\" custom_padding=\"|||\" link_option_url=\"@ET-DC@eyJkeW5hbWljIjp0cnVlLCJjb250ZW50IjoicG9zdF9saW5rX3VybF9wYWdlIiwic2V0dGluZ3MiOnsicG9zdF9pZCI6IjcyMCJ9fQ==@\" hover_enabled=\"0\" custom_css_main_element=\"display:flex;||align-items:center;||justify-content: center;||flex-direction: column;||row-gap: 30px;\" global_colors_info=\"{}\" custom_padding__hover=\"|||\" background__hover_enabled=\"on|desktop\" background_color__hover=\"rgba(43,43,43,0.4)\" background_enable_color__hover=\"on\" custom_css_main_element_last_edited=\"on|phone\" custom_css_main_element_tablet=\"display:flex;||align-items:center;||justify-content: center;||flex-direction: column;||row-gap: 30px;||height: 100%;||min-height: 70vh;\" custom_css_main_element_phone=\"display:flex;||align-items:center;||justify-content: center;||flex-direction: column;||row-gap: 30px;||height: 100%;||min-height: 70vh;\" title_text=\"1\" sticky_enabled=\"0\"][et_pb_text _builder_version=\"4.27.6\" _module_preset=\"default\" header_2_text_color=\"#FDFBF7\" header_2_font_size=\"3em\" header_2_line_height=\"1.4em\" header_4_font=\"|300|on||||||\" header_4_text_color=\"#FDFBF7\" text_orientation=\"center\" global_colors_info=\"{}\"]<\/p>\n<h2>Il Ristorante<\/h2>\n<h4>Vivi la nostra esperienza culinaria<\/h4>\n<p>[\/et_pb_text][et_pb_button button_url=\"\/ristorante\/\" button_text=\"Scopri\" button_alignment=\"center\" _builder_version=\"4.27.6\" _module_preset=\"default\" custom_button=\"on\" button_text_color=\"#FFFFFF\" button_border_color=\"#FFFFFF\" button_use_icon=\"off\" global_colors_info=\"{}\"][\/et_pb_button][\/et_pb_column][et_pb_column type=\"1_2\" _builder_version=\"4.27.6\" _dynamic_attributes=\"link_option_url\" background_color=\"rgba(43,43,43,0.8)\" background_image=\"https:\/\/leandrianelle.it\/wp-content\/uploads\/2026\/03\/2.jpg\" background_blend=\"overlay\" custom_padding=\"|||\" link_option_url=\"@ET-DC@eyJkeW5hbWljIjp0cnVlLCJjb250ZW50IjoicG9zdF9saW5rX3VybF9wYWdlIiwic2V0dGluZ3MiOnsicG9zdF9pZCI6IjcxNSJ9fQ==@\" hover_enabled=\"0\" custom_css_main_element=\"display:flex;||align-items:center;||justify-content: center;||flex-direction: column;||row-gap: 30px;\" global_colors_info=\"{}\" custom_padding__hover=\"|||\" background__hover_enabled=\"on|desktop\" background_color__hover=\"rgba(43,43,43,0.4)\" background_enable_color__hover=\"on\" custom_css_main_element_last_edited=\"on|phone\" custom_css_main_element_tablet=\"display:flex;||align-items:center;||justify-content: center;||flex-direction: column;||row-gap: 30px;||height: 100%;||min-height: 70vh;\" custom_css_main_element_phone=\"display:flex;||align-items:center;||justify-content: center;||flex-direction: column;||row-gap: 30px;||height: 100%;||min-height: 70vh;\" title_text=\"2\" sticky_enabled=\"0\"][et_pb_text _builder_version=\"4.27.6\" _module_preset=\"default\" header_2_text_color=\"#FDFBF7\" header_2_font_size=\"3em\" header_2_line_height=\"1.4em\" header_4_font=\"|300|on||||||\" header_4_text_color=\"#FDFBF7\" text_orientation=\"center\" global_colors_info=\"{}\"]<\/p>\n<h2>L'Hotel<\/h2>\n<h4>Scopri il territorio, vivi l'ospitalit\u00e0<\/h4>\n<p>[\/et_pb_text][et_pb_button button_url=\"@ET-DC@eyJkeW5hbWljIjp0cnVlLCJjb250ZW50IjoicG9zdF9saW5rX3VybF9wYWdlIiwic2V0dGluZ3MiOnsicG9zdF9pZCI6IjcxNSJ9fQ==@\" button_text=\"Scopri\" button_alignment=\"center\" _builder_version=\"4.27.6\" _dynamic_attributes=\"button_url\" _module_preset=\"default\" custom_button=\"on\" button_text_color=\"#FFFFFF\" button_border_color=\"#FFFFFF\" button_use_icon=\"off\" locked=\"off\" global_colors_info=\"{}\"][\/et_pb_button][\/et_pb_column][\/et_pb_row][et_pb_row _builder_version=\"4.27.6\" _module_preset=\"default\" positioning=\"absolute\" position_origin_a=\"top_center\" z_index=\"999\" min_height_tablet=\"0vh\" min_height_last_edited=\"off|tablet\" global_colors_info=\"{}\"][et_pb_column type=\"4_4\" _builder_version=\"4.27.6\" _module_preset=\"default\" global_colors_info=\"{}\"][et_pb_image src=\"https:\/\/leandrianelle.it\/wp-content\/uploads\/2026\/05\/LE_ANDRIANELLE_BIANCO_azuqge.png\" title_text=\"LE_ANDRIANELLE_BIANCO_azuqge\" _builder_version=\"4.27.6\" _module_preset=\"default\" max_width=\"200px\" module_alignment=\"center\" hover_enabled=\"0\" global_colors_info=\"{}\" sticky_enabled=\"0\"][\/et_pb_image][\/et_pb_column][\/et_pb_row][\/et_pb_section]<\/p>\n","protected":false},"excerpt":{"rendered":"<p>Il Ristorante Vivi la nostra esperienza culinariaL'Hotel Scopri il territorio, vivi l'ospitalit\u00e0<\/p>\n","protected":false},"author":1,"featured_media":0,"parent":0,"menu_order":0,"comment_status":"open","ping_status":"open","template":"page-template-blank.php","meta":{"_acf_changed":false,"_et_pb_use_builder":"on","_et_pb_old_content":"<!-- wp:paragraph -->\n<p>Questa \u00e8 una pagina di esempio. Differisce da un articolo di un blog perch\u00e9 rimane sempre allo stesso posto e (in molti temi) appare nel menu di navigazione. Molte persone iniziano con una pagina di Informazioni che li presentano ai visitatori del sito. Potrebbe apparire una presentazione del tipo:<\/p>\n<!-- \/wp:paragraph -->\n\n<!-- wp:quote -->\n<blockquote class=\"wp-block-quote\">\n<!-- wp:paragraph -->\n<p>Ciao! Sono un fattorino ciclista di giorno, aspirante attore di notte e questo \u00e8 il mio sito web. Vivo a Los Angeles, ho un grande cane di nome Jack e mi piace la pi\u00f1a colada. (E prendere la pioggia)<\/p>\n<!-- \/wp:paragraph -->\n<\/blockquote>\n<!-- \/wp:quote -->\n\n<!-- wp:paragraph -->\n<p>...o qualcosa di simile:<\/p>\n<!-- \/wp:paragraph -->\n\n<!-- wp:quote -->\n<blockquote class=\"wp-block-quote\">\n<!-- wp:paragraph -->\n<p>La Societ\u00e0 XYZ Aggeggi \u00e8 stata fondata nel 1971 e da allora fornisce al pubblico aggeggi di ottima qualit\u00e0. Situata a Fantasilandia, XYZ impiega oltre 2.000 persone e realizza ogni sorta di aggeggio fantastico per la comunit\u00e0 di Fantasilandia.<\/p>\n<!-- \/wp:paragraph -->\n<\/blockquote>\n<!-- \/wp:quote -->\n\n<!-- wp:paragraph -->\n<p>Come nuovo utente di WordPress, dovresti andare nella tua <a href=\"https:\/\/leandrianelle.it\/wp-admin\/\">Bacheca<\/a> per eliminare questa pagina, e crearne delle nuove per i tuoi contenuti. Divertiti!<\/p>\n<!-- \/wp:paragraph -->","_et_gb_content_width":"","footnotes":""},"page_category":[],"class_list":["post-898","page","type-page","status-publish","hentry"],"acf":[],"yoast_head":"<!-- This site is optimized with the Yoast SEO plugin v27.5 - https:\/\/yoast.com\/product\/yoast-seo-wordpress\/ -->\n<title>Home - Le Andrianelle Ristorante e Hotel<\/title>\n<meta name=\"robots\" content=\"index, follow, max-snippet:-1, max-image-preview:large, max-video-preview:-1\" \/>\n<link rel=\"canonical\" href=\"https:\/\/leandrianelle.it\/en\/\" \/>\n<meta property=\"og:locale\" content=\"en_US\" \/>\n<meta property=\"og:type\" content=\"article\" \/>\n<meta property=\"og:title\" content=\"Home - Le Andrianelle Ristorante e Hotel\" \/>\n<meta property=\"og:description\" content=\"Il Ristorante Vivi la nostra esperienza culinariaL&#039;Hotel Scopri il territorio, vivi l&#039;ospitalit\u00e0\" \/>\n<meta property=\"og:url\" content=\"https:\/\/leandrianelle.it\/en\/\" \/>\n<meta property=\"og:site_name\" content=\"Le Andrianelle Ristorante e Hotel\" \/>\n<meta name=\"twitter:card\" content=\"summary_large_image\" \/>\n<meta name=\"twitter:label1\" content=\"Est. reading time\" \/>\n\t<meta name=\"twitter:data1\" content=\"3 minutes\" \/>\n<script type=\"application\/ld+json\" class=\"yoast-schema-graph\">{\"@context\":\"https:\\\/\\\/schema.org\",\"@graph\":[{\"@type\":\"WebPage\",\"@id\":\"https:\\\/\\\/leandrianelle.it\\\/en\\\/\",\"url\":\"https:\\\/\\\/leandrianelle.it\\\/en\\\/\",\"name\":\"Home - Le Andrianelle Ristorante e Hotel\",\"isPartOf\":{\"@id\":\"https:\\\/\\\/leandrianelle.it\\\/en\\\/#website\"},\"datePublished\":\"2026-03-21T08:22:20+00:00\",\"breadcrumb\":{\"@id\":\"https:\\\/\\\/leandrianelle.it\\\/en\\\/#breadcrumb\"},\"inLanguage\":\"en-US\",\"potentialAction\":[{\"@type\":\"ReadAction\",\"target\":[\"https:\\\/\\\/leandrianelle.it\\\/en\\\/\"]}]},{\"@type\":\"BreadcrumbList\",\"@id\":\"https:\\\/\\\/leandrianelle.it\\\/en\\\/#breadcrumb\",\"itemListElement\":[{\"@type\":\"ListItem\",\"position\":1,\"name\":\"Home\",\"item\":\"https:\\\/\\\/leandrianelle.it\\\/en\\\/home\\\/\"},{\"@type\":\"ListItem\",\"position\":2,\"name\":\"Home\"}]},{\"@type\":\"WebSite\",\"@id\":\"https:\\\/\\\/leandrianelle.it\\\/en\\\/#website\",\"url\":\"https:\\\/\\\/leandrianelle.it\\\/en\\\/\",\"name\":\"Le Andrianelle Ristorante e Hotel\",\"description\":\"\",\"potentialAction\":[{\"@type\":\"SearchAction\",\"target\":{\"@type\":\"EntryPoint\",\"urlTemplate\":\"https:\\\/\\\/leandrianelle.it\\\/en\\\/?s={search_term_string}\"},\"query-input\":{\"@type\":\"PropertyValueSpecification\",\"valueRequired\":true,\"valueName\":\"search_term_string\"}}],\"inLanguage\":\"en-US\"}]}<\/script>\n<!-- \/ Yoast SEO plugin. -->","yoast_head_json":{"title":"Home - Le Andrianelle Ristorante e Hotel","robots":{"index":"index","follow":"follow","max-snippet":"max-snippet:-1","max-image-preview":"max-image-preview:large","max-video-preview":"max-video-preview:-1"},"canonical":"https:\/\/leandrianelle.it\/en\/","og_locale":"en_US","og_type":"article","og_title":"Home - Le Andrianelle Ristorante e Hotel","og_description":"Il Ristorante Vivi la nostra esperienza culinariaL'Hotel Scopri il territorio, vivi l'ospitalit\u00e0","og_url":"https:\/\/leandrianelle.it\/en\/","og_site_name":"Le Andrianelle Ristorante e Hotel","twitter_card":"summary_large_image","twitter_misc":{"Est. reading time":"3 minutes"},"schema":{"@context":"https:\/\/schema.org","@graph":[{"@type":"WebPage","@id":"https:\/\/leandrianelle.it\/en\/","url":"https:\/\/leandrianelle.it\/en\/","name":"Home - Le Andrianelle Ristorante e Hotel","isPartOf":{"@id":"https:\/\/leandrianelle.it\/en\/#website"},"datePublished":"2026-03-21T08:22:20+00:00","breadcrumb":{"@id":"https:\/\/leandrianelle.it\/en\/#breadcrumb"},"inLanguage":"en-US","potentialAction":[{"@type":"ReadAction","target":["https:\/\/leandrianelle.it\/en\/"]}]},{"@type":"BreadcrumbList","@id":"https:\/\/leandrianelle.it\/en\/#breadcrumb","itemListElement":[{"@type":"ListItem","position":1,"name":"Home","item":"https:\/\/leandrianelle.it\/en\/home\/"},{"@type":"ListItem","position":2,"name":"Home"}]},{"@type":"WebSite","@id":"https:\/\/leandrianelle.it\/en\/#website","url":"https:\/\/leandrianelle.it\/en\/","name":"Le Andrianelle Ristorante e Hotel","description":"","potentialAction":[{"@type":"SearchAction","target":{"@type":"EntryPoint","urlTemplate":"https:\/\/leandrianelle.it\/en\/?s={search_term_string}"},"query-input":{"@type":"PropertyValueSpecification","valueRequired":true,"valueName":"search_term_string"}}],"inLanguage":"en-US"}]}},"_links":{"self":[{"href":"https:\/\/leandrianelle.it\/en\/wp-json\/wp\/v2\/pages\/898","targetHints":{"allow":["GET"]}}],"collection":[{"href":"https:\/\/leandrianelle.it\/en\/wp-json\/wp\/v2\/pages"}],"about":[{"href":"https:\/\/leandrianelle.it\/en\/wp-json\/wp\/v2\/types\/page"}],"author":[{"embeddable":true,"href":"https:\/\/leandrianelle.it\/en\/wp-json\/wp\/v2\/users\/1"}],"replies":[{"embeddable":true,"href":"https:\/\/leandrianelle.it\/en\/wp-json\/wp\/v2\/comments?post=898"}],"version-history":[{"count":0,"href":"https:\/\/leandrianelle.it\/en\/wp-json\/wp\/v2\/pages\/898\/revisions"}],"wp:attachment":[{"href":"https:\/\/leandrianelle.it\/en\/wp-json\/wp\/v2\/media?parent=898"}],"wp:term":[{"taxonomy":"page_category","embeddable":true,"href":"https:\/\/leandrianelle.it\/en\/wp-json\/wp\/v2\/page_category?post=898"}],"curies":[{"name":"wp","href":"https:\/\/api.w.org\/{rel}","templated":true}]}}