{"id":902,"date":"2026-03-26T17:44:00","date_gmt":"2026-03-26T16:44:00","guid":{"rendered":"https:\/\/leandrianelle.it\/ristorante\/"},"modified":"2026-03-26T17:44:00","modified_gmt":"2026-03-26T16:44:00","slug":"ristorante","status":"publish","type":"page","link":"https:\/\/leandrianelle.it\/en\/ristorante\/","title":{"rendered":"Ristorante"},"content":{"rendered":"<p>[et_pb_section fb_built=\"1\" _builder_version=\"4.27.6\" _module_preset=\"default\" background_color=\"rgba(43,43,43,0.6)\" background_image=\"https:\/\/leandrianelle.it\/wp-content\/uploads\/2026\/03\/3.jpg\" background_position=\"top_center\" background_vertical_offset=\"20%\" background_blend=\"multiply\" custom_padding=\"20vh||20vh||true|false\" hover_enabled=\"0\" global_colors_info=\"{}\" title_text=\"3\" sticky_enabled=\"0\"][et_pb_row _builder_version=\"4.27.6\" _module_preset=\"default\" global_colors_info=\"{}\"][et_pb_column type=\"4_4\" _builder_version=\"4.27.6\" _module_preset=\"default\" global_colors_info=\"{}\"][et_pb_text _builder_version=\"4.27.6\" _module_preset=\"default\" text_text_color=\"#FFFFFF\" header_2_text_align=\"center\" header_2_text_color=\"#FFFFFF\" header_2_font_size=\"5.5em\" custom_margin=\"||0px||false|false\" animation_style=\"slide\" animation_direction=\"bottom\" animation_delay=\"500ms\" header_2_font_size_tablet=\"5.5em\" header_2_font_size_phone=\"2.5em\" header_2_font_size_last_edited=\"on|phone\" global_colors_info=\"{}\"]<\/p>\n<h2>Benvenuti<\/h2>\n<p>[\/et_pb_text][et_pb_text _builder_version=\"4.27.6\" _module_preset=\"default\" text_text_color=\"#FFFFFF\" header_2_font=\"|300|on||||||\" header_2_text_align=\"center\" header_2_text_color=\"#FFFFFF\" header_2_font_size=\"22px\" header_2_line_height=\"1.2em\" custom_margin=\"||0px||false|false\" animation_style=\"slide\" animation_direction=\"bottom\" animation_duration=\"500ms\" animation_delay=\"750ms\" header_2_font_size_tablet=\"5.5em\" header_2_font_size_phone=\"2.5em\" header_2_font_size_last_edited=\"off|desktop\" global_colors_info=\"{}\"]<\/p>\n<h2>nella nostra casa<\/h2>\n<p>[\/et_pb_text][et_pb_button button_url=\"@ET-DC@eyJkeW5hbWljIjp0cnVlLCJjb250ZW50IjoicG9zdF9saW5rX3VybF9wYWdlIiwic2V0dGluZ3MiOnsicG9zdF9pZCI6IjcyMSJ9fQ==@\" button_text=\"Scopri le proposte di stagione\" button_alignment=\"center\" module_class=\"blur-button blur-white\" _builder_version=\"4.27.6\" _dynamic_attributes=\"button_url\" _module_preset=\"default\" custom_margin=\"60px||||false|false\" global_colors_info=\"{}\"][\/et_pb_button][\/et_pb_column][\/et_pb_row][\/et_pb_section][et_pb_section fb_built=\"1\" _builder_version=\"4.27.6\" _module_preset=\"default\" background_color=\"#FDFBF7\" background_enable_image=\"off\" background_blend=\"overlay\" global_colors_info=\"{}\"][et_pb_row column_structure=\"1_2,1_2\" make_equal=\"on\" _builder_version=\"4.27.6\" _module_preset=\"default\" custom_margin=\"||||false|false\" custom_padding=\"6%||6%||true|false\" custom_css_main_element=\"align-items:center;\" border_width_bottom=\"1px\" border_color_bottom=\"rgba(43,43,43,0.08)\" global_colors_info=\"{}\"][et_pb_column type=\"1_2\" _builder_version=\"4.27.6\" _module_preset=\"default\" global_colors_info=\"{}\"][et_pb_divider show_divider=\"off\" _builder_version=\"4.27.6\" _module_preset=\"default\" background_image=\"https:\/\/leandrianelle.it\/wp-content\/uploads\/2026\/03\/4.jpg\" background_position=\"bottom_center\" custom_padding=\"35vh||35vh||true|false\" animation_style=\"fade\" hover_enabled=\"0\" box_shadow_style=\"preset2\" box_shadow_color=\"rgba(0,0,0,0.25)\" global_colors_info=\"{}\" title_text=\"4\" sticky_enabled=\"0\"][\/et_pb_divider][\/et_pb_column][et_pb_column type=\"1_2\" _builder_version=\"4.27.6\" _module_preset=\"default\" global_colors_info=\"{}\"][et_pb_text _builder_version=\"4.27.6\" _module_preset=\"default\" text_font=\"|600||on|||||\" text_text_color=\"#C4A484\" global_colors_info=\"{}\"]<\/p>\n<p>filosofia<\/p>\n<p>[\/et_pb_text][et_pb_text _builder_version=\"4.27.6\" _module_preset=\"default\" header_2_font_size=\"3.5em\" header_2_line_height=\"1.1em\" header_2_font_size_tablet=\"4.5em\" header_2_font_size_phone=\"2.5em\" header_2_font_size_last_edited=\"on|phone\" global_colors_info=\"{}\"]<\/p>\n<h2>\"Cucina fatta di tradizione, passione e semplicit\u00e0.\"<\/h2>\n<p>[\/et_pb_text][et_pb_text _builder_version=\"4.27.6\" _module_preset=\"default\" global_colors_info=\"{}\"]<\/p>\n<p>Abbiamo creato un luogo dove sentirsi a casa. Ogni giorno portiamo in tavola piatti genuini, preparati con ingredienti freschi e selezionati con cura.<\/p>\n<p>Il nostro men\u00f9 si rinnova mensilmente seguendo i ritmi della natura e del nostro orto.<\/p>\n<p>Marco guida la cucina con attenzione e sensibilit\u00e0, mettendo al centro la qualit\u00e0 delle materie prime e il rispetto per la stagionalit\u00e0.<\/p>\n<p>[\/et_pb_text][et_pb_divider color=\"#C4A484\" divider_weight=\"2px\" _builder_version=\"4.27.6\" _module_preset=\"default\" width=\"85px\" custom_margin=\"||10px||false|false\" global_colors_info=\"{}\"][\/et_pb_divider][\/et_pb_column][\/et_pb_row][et_pb_row column_structure=\"1_2,1_2\" make_equal=\"on\" _builder_version=\"4.27.6\" _module_preset=\"default\" custom_margin=\"||||false|false\" custom_padding=\"6%||6%||true|false\" custom_css_main_element=\"align-items:center;\" border_width_bottom=\"1px\" border_color_bottom=\"rgba(43,43,43,0.08)\" global_colors_info=\"{}\"][et_pb_column type=\"1_2\" _builder_version=\"4.27.6\" _module_preset=\"default\" global_colors_info=\"{}\"][et_pb_text _builder_version=\"4.27.6\" _module_preset=\"default\" text_font=\"|600||on|||||\" text_text_color=\"#C4A484\" global_colors_info=\"{}\"]<\/p>\n<p>accoglienza<\/p>\n<p>[\/et_pb_text][et_pb_text _builder_version=\"4.27.6\" _module_preset=\"default\" header_2_font_size=\"3.5em\" header_2_line_height=\"1.1em\" header_2_font_size_tablet=\"4.5em\" header_2_font_size_phone=\"2.5em\" header_2_font_size_last_edited=\"on|phone\" global_colors_info=\"{}\"]<\/p>\n<h2>L'ospitalit\u00e0 fatta di cura, ascolto e dettagli.<\/h2>\n<p>[\/et_pb_text][et_pb_text _builder_version=\"4.27.6\" _module_preset=\"default\" global_colors_info=\"{}\"]<\/p>\n<p>Abbiamo creato un luogo dove sentirsi davvero accolti. Ogni esperienza inizia dalla sala, dall\u2019attenzione ai particolari e da un\u2019atmosfera pensata per far stare bene, con semplicit\u00e0.<\/p>\n<p>Paola si prende cura dell\u2019accoglienza e della sala con passione e sensibilit\u00e0.<\/p>\n<p>Segue la cantina vini con curiosit\u00e0 e ricerca continua, scegliendo etichette che sappiano accompagnare i piatti e raccontare una storia, sempre con uno sguardo attento alle persone e a ci\u00f2 che desiderano vivere a tavola.<\/p>\n<p>[\/et_pb_text][et_pb_divider color=\"#C4A484\" divider_weight=\"2px\" _builder_version=\"4.27.6\" _module_preset=\"default\" width=\"85px\" custom_margin=\"||10px||false|false\" global_colors_info=\"{}\"][\/et_pb_divider][\/et_pb_column][et_pb_column type=\"1_2\" _builder_version=\"4.27.6\" _module_preset=\"default\" global_colors_info=\"{}\"][et_pb_divider show_divider=\"off\" _builder_version=\"4.27.6\" _module_preset=\"default\" background_image=\"https:\/\/leandrianelle.it\/wp-content\/uploads\/2026\/03\/10.jpg\" background_position=\"bottom_center\" custom_padding=\"35vh||35vh||true|false\" animation_style=\"fade\" hover_enabled=\"0\" box_shadow_style=\"preset2\" box_shadow_color=\"rgba(0,0,0,0.25)\" global_colors_info=\"{}\" title_text=\"10\" sticky_enabled=\"0\"][\/et_pb_divider][\/et_pb_column][\/et_pb_row][et_pb_row column_structure=\"1_2,1_2\" make_equal=\"on\" _builder_version=\"4.27.6\" _module_preset=\"default\" custom_margin=\"||||false|false\" custom_padding=\"6%||6%||true|false\" custom_css_main_element=\"align-items:center;\" border_width_bottom=\"1px\" border_color_bottom=\"rgba(43,43,43,0.08)\" global_colors_info=\"{}\"][et_pb_column type=\"1_2\" _builder_version=\"4.27.6\" _module_preset=\"default\" global_colors_info=\"{}\"][et_pb_divider show_divider=\"off\" _builder_version=\"4.27.6\" _module_preset=\"default\" background_image=\"https:\/\/leandrianelle.it\/wp-content\/uploads\/2026\/03\/6.jpg\" background_position=\"bottom_center\" custom_padding=\"35vh||35vh||true|false\" animation_style=\"fade\" hover_enabled=\"0\" box_shadow_style=\"preset2\" box_shadow_color=\"rgba(0,0,0,0.25)\" global_colors_info=\"{}\" title_text=\"6\" sticky_enabled=\"0\"][\/et_pb_divider][\/et_pb_column][et_pb_column type=\"1_2\" _builder_version=\"4.27.6\" _module_preset=\"default\" global_colors_info=\"{}\"][et_pb_text _builder_version=\"4.27.6\" _module_preset=\"default\" text_font=\"|600||on|||||\" text_text_color=\"#C4A484\" global_colors_info=\"{}\"]<\/p>\n<p>stagionalit\u00e0<\/p>\n<p>[\/et_pb_text][et_pb_text _builder_version=\"4.27.6\" _module_preset=\"default\" header_2_font_size=\"3.5em\" header_2_line_height=\"1.1em\" header_2_font_size_tablet=\"4.5em\" header_2_font_size_phone=\"2.5em\" header_2_font_size_last_edited=\"on|phone\" global_colors_info=\"{}\"]<\/p>\n<h2>Il nostro Orto<\/h2>\n<p>[\/et_pb_text][et_pb_text _builder_version=\"4.27.6\" _module_preset=\"default\" link_font=\"|||on|on||||\" link_text_color=\"#2B2B2B\" global_colors_info=\"{}\" link_text_color__hover_enabled=\"on|hover\" link_text_color__hover=\"#C4A484\"]<\/p>\n<p>A Schio coltiviamo un orto di famiglia che seguiamo con cura, stagione dopo stagione. Qui crescono gran parte degli ortaggi che portiamo in tavola: li seminiamo, li aspettiamo, li raccogliamo al momento giusto.<\/p>\n<p>Per questo molte delle nostre pietanze a base vegetale nascono proprio da ci\u00f2 che la natura ci offre in quel periodo.<\/p>\n<p>Non inseguiamo la disponibilit\u00e0 tutto l'anno, ma rispettiamo il ritmo delle stagioni. Questo significa sapori pi\u00f9 autentici, ingredienti pi\u00f9 freschi e una cucina che cambia insieme alla terra.<\/p>\n<p>&nbsp;<\/p>\n<p><a href=\"https:\/\/leandrianelle.it\/en\/il-nostro-menu\/\"><span>Scopri il Men\u00f9 di Stagione<\/span><\/a><\/p>\n<p>[\/et_pb_text][et_pb_divider color=\"#C4A484\" divider_weight=\"2px\" _builder_version=\"4.27.6\" _module_preset=\"default\" width=\"85px\" custom_margin=\"||10px||false|false\" global_colors_info=\"{}\"][\/et_pb_divider][\/et_pb_column][\/et_pb_row][\/et_pb_section][et_pb_section fb_built=\"1\" _builder_version=\"4.27.6\" _module_preset=\"default\" background_color=\"#FDFBF7\" background_enable_image=\"off\" background_blend=\"overlay\" global_colors_info=\"{}\"][et_pb_row _builder_version=\"4.27.6\" _module_preset=\"default\" global_colors_info=\"{}\"][et_pb_column type=\"4_4\" _builder_version=\"4.27.6\" _module_preset=\"default\" global_colors_info=\"{}\"][et_pb_text _builder_version=\"4.27.6\" _module_preset=\"default\" text_text_color=\"#4a5565\" header_3_text_align=\"center\" header_3_font_size=\"3.2em\" header_3_line_height=\"1.4em\" text_orientation=\"center\" global_colors_info=\"{}\"]<\/p>\n<h3>Dicono di noi<\/h3>\n<p>[\/et_pb_text][\/et_pb_column][\/et_pb_row][et_pb_row column_structure=\"1_3,1_3,1_3\" _builder_version=\"4.27.6\" _module_preset=\"default\" global_colors_info=\"{}\"][et_pb_column type=\"1_3\" _builder_version=\"4.27.6\" _module_preset=\"default\" background_color=\"#FFFFFF\" custom_padding=\"4%|4%|4%|4%|true|true\" animation_style=\"fade\" box_shadow_style=\"preset2\" box_shadow_color=\"rgba(0,0,0,0.1)\" global_colors_info=\"{}\"][et_pb_text _builder_version=\"4.27.6\" _module_preset=\"default\" text_font=\"--et_global_heading_font||on||||||\" text_font_size=\"18px\" text_orientation=\"center\" global_colors_info=\"{}\"]<\/p>\n<p><span>\"Un'atmosfera familiare unica. Marco e Paola sanno davvero come farti sentire a casa.\"<\/span><span><\/span><\/p>\n<p>[\/et_pb_text][et_pb_text _builder_version=\"4.27.6\" _module_preset=\"default\" text_font=\"|600||on|||||\" text_font_size=\"14px\" text_orientation=\"center\" global_colors_info=\"{}\"]<\/p>\n<div class=\"bg-white p-8 border border-gray-100 shadow-lg hover:shadow-xl transition-all duration-500\">\n<p class=\"text-xs font-bold uppercase tracking-widest text-[#2B2B2B]\">Luca B.<\/p>\n<\/div>\n<div class=\"bg-white p-8 border border-gray-100 shadow-lg hover:shadow-xl transition-all duration-500\"><\/div>\n<p>[\/et_pb_text][\/et_pb_column][et_pb_column type=\"1_3\" _builder_version=\"4.27.6\" _module_preset=\"default\" background_color=\"#FFFFFF\" custom_padding=\"4%|4%|4%|4%|true|true\" animation_style=\"fade\" animation_delay=\"500ms\" box_shadow_style=\"preset2\" box_shadow_color=\"rgba(0,0,0,0.1)\" global_colors_info=\"{}\"][et_pb_text _builder_version=\"4.27.6\" _module_preset=\"default\" text_font=\"--et_global_heading_font||on||||||\" text_font_size=\"18px\" text_orientation=\"center\" global_colors_info=\"{}\"]<\/p>\n<p><span>\"Un'atmosfera familiare unica. Marco e Paola sanno davvero come farti sentire a casa.\"<\/span><span><\/span><\/p>\n<p>[\/et_pb_text][et_pb_text _builder_version=\"4.27.6\" _module_preset=\"default\" text_font=\"|600||on|||||\" text_font_size=\"14px\" text_orientation=\"center\" global_colors_info=\"{}\"]<\/p>\n<div class=\"bg-white p-8 border border-gray-100 shadow-lg hover:shadow-xl transition-all duration-500\">\n<p class=\"text-xs font-bold uppercase tracking-widest text-[#2B2B2B]\">Luca B.<\/p>\n<\/div>\n<div class=\"bg-white p-8 border border-gray-100 shadow-lg hover:shadow-xl transition-all duration-500\"><\/div>\n<p>[\/et_pb_text][\/et_pb_column][et_pb_column type=\"1_3\" _builder_version=\"4.27.6\" _module_preset=\"default\" background_color=\"#FFFFFF\" custom_padding=\"4%|4%|4%|4%|true|true\" animation_style=\"fade\" animation_delay=\"1000ms\" box_shadow_style=\"preset2\" box_shadow_color=\"rgba(0,0,0,0.1)\" global_colors_info=\"{}\"][et_pb_text _builder_version=\"4.27.6\" _module_preset=\"default\" text_font=\"--et_global_heading_font||on||||||\" text_font_size=\"18px\" text_orientation=\"center\" global_colors_info=\"{}\"]<\/p>\n<p><span>\"Un'atmosfera familiare unica. Marco e Paola sanno davvero come farti sentire a casa.\"<\/span><span><\/span><\/p>\n<p>[\/et_pb_text][et_pb_text _builder_version=\"4.27.6\" _module_preset=\"default\" text_font=\"|600||on|||||\" text_font_size=\"14px\" text_orientation=\"center\" global_colors_info=\"{}\"]<\/p>\n<div class=\"bg-white p-8 border border-gray-100 shadow-lg hover:shadow-xl transition-all duration-500\">\n<p class=\"text-xs font-bold uppercase tracking-widest text-[#2B2B2B]\">Luca B.<\/p>\n<\/div>\n<div class=\"bg-white p-8 border border-gray-100 shadow-lg hover:shadow-xl transition-all duration-500\"><\/div>\n<p>[\/et_pb_text][\/et_pb_column][\/et_pb_row][\/et_pb_section][et_pb_section fb_built=\"1\" _builder_version=\"4.27.6\" _module_preset=\"default\" background_color=\"#FDFBF7\" global_colors_info=\"{}\"][et_pb_row _builder_version=\"4.27.6\" _module_preset=\"default\" global_colors_info=\"{}\"][et_pb_column type=\"4_4\" _builder_version=\"4.27.6\" _module_preset=\"default\" global_colors_info=\"{}\"][et_pb_text _builder_version=\"4.27.6\" _module_preset=\"default\" text_text_color=\"#4a5565\" header_3_text_align=\"center\" header_3_font_size=\"3.2em\" header_3_line_height=\"1.4em\" text_orientation=\"center\" global_colors_info=\"{}\"]<\/p>\n<h3>Prenota un tavolo<\/h3>\n<p class=\"text-gray-600 mb-10\">Dal marted\u00ec al sabato solo a cena. Domenica solo a pranzo.<\/p>\n<p>[\/et_pb_text][et_pb_button button_url=\"@ET-DC@eyJkeW5hbWljIjp0cnVlLCJjb250ZW50IjoicG9zdF9saW5rX3VybF9wYWdlIiwic2V0dGluZ3MiOnsicG9zdF9pZCI6IjcyNyJ9fQ==@\" button_text=\"Riserva online\" button_alignment=\"center\" _builder_version=\"4.27.6\" _dynamic_attributes=\"button_url\" _module_preset=\"default\" custom_button=\"on\" button_text_color=\"#FFFFFF\" button_bg_color=\"#2B2B2B\" button_border_color=\"#2B2B2B\" button_font=\"|||on|||||\" button_use_icon=\"off\" custom_padding=\"10px|35px|10px|35px|true|true\" global_colors_info=\"{}\" button_bg_color__hover_enabled=\"on|desktop\" button_bg_color__hover=\"#C4A484\" button_bg_enable_color__hover=\"on\" button_border_color__hover_enabled=\"on|desktop\" button_border_color__hover=\"#C4A484\"][\/et_pb_button][\/et_pb_column][\/et_pb_row][\/et_pb_section]<\/p>\n","protected":false},"excerpt":{"rendered":"<p>Benvenutinella nostra casafilosofia\"Cucina fatta di tradizione, passione e semplicit\u00e0.\"Abbiamo creato un luogo dove sentirsi a casa. Ogni giorno portiamo in tavola piatti genuini, preparati con ingredienti freschi e selezionati con cura. Il nostro men\u00f9 si rinnova mensilmente seguendo i ritmi della natura e del nostro orto. Marco guida la cucina con attenzione e sensibilit\u00e0, mettendo [&hellip;]<\/p>\n","protected":false},"author":1,"featured_media":0,"parent":0,"menu_order":0,"comment_status":"closed","ping_status":"closed","template":"","meta":{"_acf_changed":false,"_et_pb_use_builder":"on","_et_pb_old_content":"","_et_gb_content_width":"","footnotes":""},"page_category":[60],"class_list":["post-902","page","type-page","status-publish","hentry","page_category-ristorante"],"acf":[],"yoast_head":"<!-- This site is optimized with the Yoast SEO plugin v27.5 - https:\/\/yoast.com\/product\/yoast-seo-wordpress\/ -->\n<title>Ristorante - Le Andrianelle Ristorante e Hotel<\/title>\n<meta name=\"robots\" content=\"index, follow, max-snippet:-1, max-image-preview:large, max-video-preview:-1\" \/>\n<link rel=\"canonical\" href=\"https:\/\/leandrianelle.it\/en\/ristorante\/\" \/>\n<meta property=\"og:locale\" content=\"en_US\" \/>\n<meta property=\"og:type\" content=\"article\" \/>\n<meta property=\"og:title\" content=\"Ristorante - Le Andrianelle Ristorante e Hotel\" \/>\n<meta property=\"og:description\" content=\"Benvenutinella nostra casafilosofia&quot;Cucina fatta di tradizione, passione e semplicit\u00e0.&quot;Abbiamo creato un luogo dove sentirsi a casa. Ogni giorno portiamo in tavola piatti genuini, preparati con ingredienti freschi e selezionati con cura. Il nostro men\u00f9 si rinnova mensilmente seguendo i ritmi della natura e del nostro orto. Marco guida la cucina con attenzione e sensibilit\u00e0, mettendo [&hellip;]\" \/>\n<meta property=\"og:url\" content=\"https:\/\/leandrianelle.it\/en\/ristorante\/\" \/>\n<meta property=\"og:site_name\" content=\"Le Andrianelle Ristorante e Hotel\" \/>\n<meta name=\"twitter:card\" content=\"summary_large_image\" \/>\n<meta name=\"twitter:label1\" content=\"Est. reading time\" \/>\n\t<meta name=\"twitter:data1\" content=\"9 minutes\" \/>\n<script type=\"application\/ld+json\" class=\"yoast-schema-graph\">{\"@context\":\"https:\\\/\\\/schema.org\",\"@graph\":[{\"@type\":\"WebPage\",\"@id\":\"https:\\\/\\\/leandrianelle.it\\\/en\\\/ristorante\\\/\",\"url\":\"https:\\\/\\\/leandrianelle.it\\\/en\\\/ristorante\\\/\",\"name\":\"Ristorante - Le Andrianelle Ristorante e Hotel\",\"isPartOf\":{\"@id\":\"https:\\\/\\\/leandrianelle.it\\\/en\\\/#website\"},\"datePublished\":\"2026-03-26T16:44:00+00:00\",\"breadcrumb\":{\"@id\":\"https:\\\/\\\/leandrianelle.it\\\/en\\\/ristorante\\\/#breadcrumb\"},\"inLanguage\":\"en-US\",\"potentialAction\":[{\"@type\":\"ReadAction\",\"target\":[\"https:\\\/\\\/leandrianelle.it\\\/en\\\/ristorante\\\/\"]}]},{\"@type\":\"BreadcrumbList\",\"@id\":\"https:\\\/\\\/leandrianelle.it\\\/en\\\/ristorante\\\/#breadcrumb\",\"itemListElement\":[{\"@type\":\"ListItem\",\"position\":1,\"name\":\"Home\",\"item\":\"https:\\\/\\\/leandrianelle.it\\\/en\\\/home\\\/\"},{\"@type\":\"ListItem\",\"position\":2,\"name\":\"Ristorante\"}]},{\"@type\":\"WebSite\",\"@id\":\"https:\\\/\\\/leandrianelle.it\\\/en\\\/#website\",\"url\":\"https:\\\/\\\/leandrianelle.it\\\/en\\\/\",\"name\":\"Le Andrianelle Ristorante e Hotel\",\"description\":\"\",\"potentialAction\":[{\"@type\":\"SearchAction\",\"target\":{\"@type\":\"EntryPoint\",\"urlTemplate\":\"https:\\\/\\\/leandrianelle.it\\\/en\\\/?s={search_term_string}\"},\"query-input\":{\"@type\":\"PropertyValueSpecification\",\"valueRequired\":true,\"valueName\":\"search_term_string\"}}],\"inLanguage\":\"en-US\"}]}<\/script>\n<!-- \/ Yoast SEO plugin. -->","yoast_head_json":{"title":"Ristorante - Le Andrianelle Ristorante e Hotel","robots":{"index":"index","follow":"follow","max-snippet":"max-snippet:-1","max-image-preview":"max-image-preview:large","max-video-preview":"max-video-preview:-1"},"canonical":"https:\/\/leandrianelle.it\/en\/ristorante\/","og_locale":"en_US","og_type":"article","og_title":"Ristorante - Le Andrianelle Ristorante e Hotel","og_description":"Benvenutinella nostra casafilosofia\"Cucina fatta di tradizione, passione e semplicit\u00e0.\"Abbiamo creato un luogo dove sentirsi a casa. Ogni giorno portiamo in tavola piatti genuini, preparati con ingredienti freschi e selezionati con cura. Il nostro men\u00f9 si rinnova mensilmente seguendo i ritmi della natura e del nostro orto. Marco guida la cucina con attenzione e sensibilit\u00e0, mettendo [&hellip;]","og_url":"https:\/\/leandrianelle.it\/en\/ristorante\/","og_site_name":"Le Andrianelle Ristorante e Hotel","twitter_card":"summary_large_image","twitter_misc":{"Est. reading time":"9 minutes"},"schema":{"@context":"https:\/\/schema.org","@graph":[{"@type":"WebPage","@id":"https:\/\/leandrianelle.it\/en\/ristorante\/","url":"https:\/\/leandrianelle.it\/en\/ristorante\/","name":"Ristorante - Le Andrianelle Ristorante e Hotel","isPartOf":{"@id":"https:\/\/leandrianelle.it\/en\/#website"},"datePublished":"2026-03-26T16:44:00+00:00","breadcrumb":{"@id":"https:\/\/leandrianelle.it\/en\/ristorante\/#breadcrumb"},"inLanguage":"en-US","potentialAction":[{"@type":"ReadAction","target":["https:\/\/leandrianelle.it\/en\/ristorante\/"]}]},{"@type":"BreadcrumbList","@id":"https:\/\/leandrianelle.it\/en\/ristorante\/#breadcrumb","itemListElement":[{"@type":"ListItem","position":1,"name":"Home","item":"https:\/\/leandrianelle.it\/en\/home\/"},{"@type":"ListItem","position":2,"name":"Ristorante"}]},{"@type":"WebSite","@id":"https:\/\/leandrianelle.it\/en\/#website","url":"https:\/\/leandrianelle.it\/en\/","name":"Le Andrianelle Ristorante e Hotel","description":"","potentialAction":[{"@type":"SearchAction","target":{"@type":"EntryPoint","urlTemplate":"https:\/\/leandrianelle.it\/en\/?s={search_term_string}"},"query-input":{"@type":"PropertyValueSpecification","valueRequired":true,"valueName":"search_term_string"}}],"inLanguage":"en-US"}]}},"_links":{"self":[{"href":"https:\/\/leandrianelle.it\/en\/wp-json\/wp\/v2\/pages\/902","targetHints":{"allow":["GET"]}}],"collection":[{"href":"https:\/\/leandrianelle.it\/en\/wp-json\/wp\/v2\/pages"}],"about":[{"href":"https:\/\/leandrianelle.it\/en\/wp-json\/wp\/v2\/types\/page"}],"author":[{"embeddable":true,"href":"https:\/\/leandrianelle.it\/en\/wp-json\/wp\/v2\/users\/1"}],"replies":[{"embeddable":true,"href":"https:\/\/leandrianelle.it\/en\/wp-json\/wp\/v2\/comments?post=902"}],"version-history":[{"count":0,"href":"https:\/\/leandrianelle.it\/en\/wp-json\/wp\/v2\/pages\/902\/revisions"}],"wp:attachment":[{"href":"https:\/\/leandrianelle.it\/en\/wp-json\/wp\/v2\/media?parent=902"}],"wp:term":[{"taxonomy":"page_category","embeddable":true,"href":"https:\/\/leandrianelle.it\/en\/wp-json\/wp\/v2\/page_category?post=902"}],"curies":[{"name":"wp","href":"https:\/\/api.w.org\/{rel}","templated":true}]}}