{"id":904,"date":"2026-03-26T17:40:34","date_gmt":"2026-03-26T16:40:34","guid":{"rendered":"https:\/\/leandrianelle.it\/tradizioni-cultura-locale\/"},"modified":"2026-03-26T17:40:34","modified_gmt":"2026-03-26T16:40:34","slug":"tradizioni-cultura-locale","status":"publish","type":"page","link":"https:\/\/leandrianelle.it\/en\/tradizioni-cultura-locale\/","title":{"rendered":"Tradizioni e cultura locale"},"content":{"rendered":"<p>[et_pb_section fb_built=\"1\" _builder_version=\"4.27.6\" _module_preset=\"default\" background_color=\"rgba(43,43,43,0.65)\" background_image=\"https:\/\/leandrianelle.it\/wp-content\/uploads\/2026\/05\/Vicenza-Leone_di_S.Marco_part-2_hdcahu.jpg\" background_position=\"top_center\" background_vertical_offset=\"25%\" background_blend=\"overlay\" custom_padding=\"6.5%||6.5%||true|false\" hover_enabled=\"0\" global_colors_info=\"{}\" title_text=\"Vicenza-Leone_di_S.Marco_part-2_hdcahu\" sticky_enabled=\"0\"][et_pb_row _builder_version=\"4.27.6\" _module_preset=\"default\" global_colors_info=\"{}\"][et_pb_column type=\"4_4\" _builder_version=\"4.27.6\" _module_preset=\"default\" global_colors_info=\"{}\"][et_pb_text _builder_version=\"4.27.6\" _module_preset=\"default\" text_font=\"|600||on|||||\" text_text_color=\"#C4A484\" text_letter_spacing=\"3px\" text_orientation=\"center\" locked=\"off\" global_colors_info=\"{}\"]<\/p>\n<p>cultura autentica<\/p>\n<p>[\/et_pb_text][et_pb_text _builder_version=\"4.27.6\" _module_preset=\"default\" text_font=\"|600|||||||\" text_text_color=\"#FFFFFF\" header_text_align=\"center\" header_text_color=\"#FFFFFF\" header_font_size=\"4.5em\" header_line_height=\"1.3em\" header_font_size_tablet=\"4.5em\" header_font_size_phone=\"2.5em\" header_font_size_last_edited=\"on|phone\" locked=\"off\" global_colors_info=\"{}\"]<\/p>\n<h1>Tradizioni e cultura locale<\/h1>\n<p>[\/et_pb_text][et_pb_button button_url=\"@ET-DC@eyJkeW5hbWljIjp0cnVlLCJjb250ZW50IjoicG9zdF9saW5rX3VybF9wYWdlIiwic2V0dGluZ3MiOnsicG9zdF9pZCI6IjcxNiJ9fQ==@\" button_text=\"Esperienze\" module_class=\"blur-button radius\" _builder_version=\"4.27.6\" _dynamic_attributes=\"button_url\" _module_preset=\"default\" custom_button=\"on\" button_text_size=\"14px\" button_text_color=\"#FFFFFF\" button_border_color=\"rgba(255,255,255,0.25)\" button_border_radius=\"50px\" button_icon=\"&#x34;||divi||400\" button_icon_placement=\"left\" button_on_hover=\"off\" positioning=\"absolute\" vertical_offset=\"-40%\" custom_padding=\"5px||5px||true|false\" global_colors_info=\"{}\" button_border_color__hover_enabled=\"on|desktop\" button_border_color__hover=\"#C4A484\" button_text_color__hover_enabled=\"on|desktop\" button_text_color__hover=\"#C4A484\"][\/et_pb_button][et_pb_divider color=\"#C4A484\" divider_weight=\"2px\" module_class=\"transly w-change\" _builder_version=\"4.27.6\" _module_preset=\"default\" width=\"150px\" module_alignment=\"center\" custom_margin=\"50px||5px||false|false\" locked=\"off\" global_colors_info=\"{}\" width__hover_enabled=\"off|desktop\" width__hover=\"150px\"][\/et_pb_divider][\/et_pb_column][\/et_pb_row][\/et_pb_section][et_pb_section fb_built=\"1\" _builder_version=\"4.27.6\" _module_preset=\"default\" global_colors_info=\"{}\"][et_pb_row _builder_version=\"4.27.6\" _module_preset=\"default\" global_colors_info=\"{}\"][et_pb_column type=\"4_4\" _builder_version=\"4.27.6\" _module_preset=\"default\" global_colors_info=\"{}\"][et_pb_text _builder_version=\"4.27.6\" _module_preset=\"default\" text_orientation=\"center\" max_width=\"800px\" module_alignment=\"center\" global_colors_info=\"{}\"]<\/p>\n<div class=\"prose prose-lg mx-auto text-gray-600 font-light leading-relaxed whitespace-pre-wrap text-center\">Mercati, feste di paese, artigiani e piccole realt\u00e0 che mantengono viva l'identit\u00e0 del territorio. Visitare Malo e i dintorni significa scoprire una cultura fatta di lavoro, tradizioni e legami autentici.<\/div>\n<div class=\"my-16 relative aspect-video rounded-sm overflow-hidden shadow-2xl group\"><\/div>\n<p>[\/et_pb_text][\/et_pb_column][\/et_pb_row][et_pb_row column_structure=\"3_5,1_5,1_5\" _builder_version=\"4.27.6\" _module_preset=\"default\" global_colors_info=\"{}\"][et_pb_column type=\"3_5\" _builder_version=\"4.27.6\" _module_preset=\"default\" global_colors_info=\"{}\"][et_pb_text _builder_version=\"4.27.6\" _module_preset=\"default\" text_orientation=\"center\" max_width=\"800px\" module_alignment=\"center\" global_colors_info=\"{}\"]<\/p>\n<h2 class=\"prose prose-lg mx-auto text-gray-600 font-light leading-relaxed whitespace-pre-wrap text-center\" style=\"text-align: left;\">Il Carnevale di Malo, l'anima della citt\u00e0<\/h2>\n<div class=\"my-16 relative aspect-video rounded-sm overflow-hidden shadow-2xl group\"><\/div>\n<p>[\/et_pb_text][et_pb_text _builder_version=\"4.27.6\" _module_preset=\"default\" global_colors_info=\"{}\"]<\/p>\n<p>Il Carnevale di Malo \u00e8 il pi\u00f9 antico e celebre del vicentino: le sue origini documentate risalgono al 1867, mentre la prima sfilata ufficiale di carri allegorici si tenne nel 1924, quando per le strade comparve un enorme grammofono di cartapesta. Da oltre un secolo, generazioni di artigiani locali si riuniscono nelle sere d'inverno per costruire in segreto i carri, dando vita a una vera e propria scuola di cartapesta.<\/p>\n<p>La maschera simbolo, \"El Ciaci\", nata da un concorso nel 1974, accompagna ancora oggi le sfilate, mentre il trofeo \"La Pessa\" premia ogni anno il carro pi\u00f9 amato dal pubblico: un rito collettivo che rinnova l'orgoglio cittadino.<\/p>\n<p>[\/et_pb_text][\/et_pb_column][et_pb_column type=\"1_5\" _builder_version=\"4.27.6\" _module_preset=\"default\" global_colors_info=\"{}\"][et_pb_image src=\"https:\/\/leandrianelle.it\/wp-content\/uploads\/2026\/04\/IMG_1029.jpg\" title_text=\"IMG_1029\" _builder_version=\"4.27.6\" _module_preset=\"default\" global_colors_info=\"{}\"][\/et_pb_image][\/et_pb_column][et_pb_column type=\"1_5\" _builder_version=\"4.27.6\" _module_preset=\"default\" global_colors_info=\"{}\"][et_pb_image src=\"https:\/\/leandrianelle.it\/wp-content\/uploads\/2026\/04\/IMG_0444.jpg\" title_text=\"IMG_0444\" _builder_version=\"4.27.6\" _module_preset=\"default\" global_colors_info=\"{}\"][\/et_pb_image][\/et_pb_column][\/et_pb_row][et_pb_row _builder_version=\"4.27.6\" _module_preset=\"default\" global_colors_info=\"{}\"][et_pb_column type=\"4_4\" _builder_version=\"4.27.6\" _module_preset=\"default\" global_colors_info=\"{}\"][et_pb_text _builder_version=\"4.27.6\" _module_preset=\"default\" text_orientation=\"center\" max_width=\"800px\" module_alignment=\"center\" global_colors_info=\"{}\"]<\/p>\n<h2 class=\"prose prose-lg mx-auto text-gray-600 font-light leading-relaxed whitespace-pre-wrap text-center\" style=\"text-align: center;\">La pedemontana del lavoro:<\/h2>\n<h2 class=\"prose prose-lg mx-auto text-gray-600 font-light leading-relaxed whitespace-pre-wrap text-center\" style=\"text-align: center;\">archeologia industriale a Schio e Valdagno<\/h2>\n<div class=\"my-16 relative aspect-video rounded-sm overflow-hidden shadow-2xl group\"><\/div>\n<p>[\/et_pb_text][et_pb_text _builder_version=\"4.27.6\" _module_preset=\"default\" global_colors_info=\"{}\"]<\/p>\n<p>A pochi chilometri da Malo si trovano due capitali storiche dell'industria laniera italiana: Schio e Valdagno. Schio, grazie all'imprenditore Alessandro Rossi, \u00e8 oggi uno dei centri di archeologia industriale pi\u00f9 importanti d'Italia, con la straordinaria <strong>Fabbrica Alta<\/strong> (progettata nel 1861 dall'architetto belga Auguste Vivroux), il <strong>Lanificio Francesco Rossi<\/strong> e il celebre <strong>Giardino Jacquard<\/strong>, un parco-monumento ottocentesco.<\/p>\n<p>A Valdagno, la famiglia Marzotto realizz\u00f2 invece la \"Citt\u00e0 Sociale\", quartiere modello pensato per i lavoratori. Un patrimonio di archeologia industriale unico nel suo genere, che racconta come l'arrivo del telaio meccanico abbia trasformato un mondo contadino in una delle aree pi\u00f9 operose del Veneto.<\/p>\n<p>[\/et_pb_text][\/et_pb_column][\/et_pb_row][et_pb_row _builder_version=\"4.27.6\" _module_preset=\"default\" custom_padding=\"||0px|||\" global_colors_info=\"{}\"][et_pb_column type=\"4_4\" _builder_version=\"4.27.6\" _module_preset=\"default\" global_colors_info=\"{}\"][et_pb_image src=\"https:\/\/leandrianelle.it\/wp-content\/uploads\/2026\/04\/col6_fabbrica_alta1.jpeg\" title_text=\"col6_fabbrica_alta1\" align=\"center\" _builder_version=\"4.27.6\" _module_preset=\"default\" global_colors_info=\"{}\"][\/et_pb_image][\/et_pb_column][\/et_pb_row][et_pb_row column_structure=\"1_2,1_2\" _builder_version=\"4.27.6\" _module_preset=\"default\" custom_margin=\"0px||||false|false\" global_colors_info=\"{}\"][et_pb_column type=\"1_2\" _builder_version=\"4.27.6\" _module_preset=\"default\" global_colors_info=\"{}\"][et_pb_text _builder_version=\"4.27.6\" _module_preset=\"default\" text_orientation=\"center\" max_width=\"800px\" module_alignment=\"center\" global_colors_info=\"{}\"]<\/p>\n<h2 class=\"prose prose-lg mx-auto text-gray-600 font-light leading-relaxed whitespace-pre-wrap text-center\" style=\"text-align: left;\">Un mosaico unico di terra, storia e mestieri<\/h2>\n<div class=\"my-16 relative aspect-video rounded-sm overflow-hidden shadow-2xl group\"><\/div>\n<p>[\/et_pb_text][et_pb_text _builder_version=\"4.27.6\" _module_preset=\"default\" global_colors_info=\"{}\"]<\/p>\n<p>In poche decine di chilometri si concentra un mosaico raro: cartapesta e letteratura, telai storici e ville palladiane, sentieri di montagna e tavole imbandite.<\/p>\n<p>Una sintesi perfetta di ci\u00f2 che rende il Veneto pedemontano una delle mete pi\u00f9 sorprendenti per chi cerca un turismo lento, autentico e radicato nella sua storia.<\/p>\n<p>[\/et_pb_text][\/et_pb_column][et_pb_column type=\"1_2\" _builder_version=\"4.27.6\" _module_preset=\"default\" global_colors_info=\"{}\"][et_pb_text _builder_version=\"4.27.6\" _module_preset=\"default\" text_orientation=\"center\" max_width=\"800px\" module_alignment=\"center\" global_colors_info=\"{}\"]<\/p>\n<h2 class=\"prose prose-lg mx-auto text-gray-600 font-light leading-relaxed whitespace-pre-wrap text-center\" style=\"text-align: left;\">Sapori e tradizioni a tavola<\/h2>\n<div class=\"my-16 relative aspect-video rounded-sm overflow-hidden shadow-2xl group\"><\/div>\n<p>[\/et_pb_text][et_pb_text _builder_version=\"4.27.6\" _module_preset=\"default\" global_colors_info=\"{}\"]<\/p>\n<p>Completa il quadro la cucina, schietta e generosa, della tradizione vicentina. Il piatto-bandiera \u00e8 il <strong>baccal\u00e0 alla vicentina<\/strong>, preparato in realt\u00e0 con stoccafisso (la cui scoperta in Italia si fa risalire al naufragio del mercante veneziano Pietro Querini in Norvegia nel 1432) e cotto a lungo con latte, cipolle, acciughe e Grana Padano, servito con polenta.<\/p>\n<p>Accanto a lui, la <strong>sopressa vicentina DOP<\/strong>, salume morbido dal gusto dolce e delicato; i <strong>bigoli con l'arna<\/strong> (anatra), i formaggi di malga e l'<strong>Asiago DOP<\/strong>.<\/p>\n<p>Ad accompagnare il tutto, i vini delle vicine colline di Breganze e Gambellara. Sagre paesane, feste patronali e mercatini animano poi le contrade nei mesi pi\u00f9 freddi, trasformando ogni visita in un'occasione per scoprire sapori e racconti autentici.<\/p>\n<p>[\/et_pb_text][\/et_pb_column][\/et_pb_row][\/et_pb_section]<\/p>\n","protected":false},"excerpt":{"rendered":"<p>cultura autenticaTradizioni e cultura localeMercati, feste di paese, artigiani e piccole realt\u00e0 che mantengono viva l'identit\u00e0 del territorio. Visitare Malo e i dintorni significa scoprire una cultura fatta di lavoro, tradizioni e legami autentici. Il Carnevale di Malo, l'anima della citt\u00e0 Il Carnevale di Malo \u00e8 il pi\u00f9 antico e celebre del vicentino: le sue [&hellip;]<\/p>\n","protected":false},"author":1,"featured_media":0,"parent":0,"menu_order":0,"comment_status":"open","ping_status":"open","template":"","meta":{"_acf_changed":false,"_et_pb_use_builder":"on","_et_pb_old_content":"","_et_gb_content_width":"","footnotes":""},"page_category":[59],"class_list":["post-904","page","type-page","status-publish","hentry","page_category-hotel"],"acf":[],"yoast_head":"<!-- This site is optimized with the Yoast SEO plugin v27.5 - https:\/\/yoast.com\/product\/yoast-seo-wordpress\/ -->\n<title>Tradizioni e cultura locale - Le Andrianelle Ristorante e Hotel<\/title>\n<meta name=\"robots\" content=\"index, follow, max-snippet:-1, max-image-preview:large, max-video-preview:-1\" \/>\n<link rel=\"canonical\" href=\"https:\/\/leandrianelle.it\/en\/tradizioni-cultura-locale\/\" \/>\n<meta property=\"og:locale\" content=\"en_US\" \/>\n<meta property=\"og:type\" content=\"article\" \/>\n<meta property=\"og:title\" content=\"Tradizioni e cultura locale - Le Andrianelle Ristorante e Hotel\" \/>\n<meta property=\"og:description\" content=\"cultura autenticaTradizioni e cultura localeMercati, feste di paese, artigiani e piccole realt\u00e0 che mantengono viva l&#039;identit\u00e0 del territorio. Visitare Malo e i dintorni significa scoprire una cultura fatta di lavoro, tradizioni e legami autentici. Il Carnevale di Malo, l&#039;anima della citt\u00e0 Il Carnevale di Malo \u00e8 il pi\u00f9 antico e celebre del vicentino: le sue [&hellip;]\" \/>\n<meta property=\"og:url\" content=\"https:\/\/leandrianelle.it\/en\/tradizioni-cultura-locale\/\" \/>\n<meta property=\"og:site_name\" content=\"Le Andrianelle Ristorante e Hotel\" \/>\n<meta name=\"twitter:card\" content=\"summary_large_image\" \/>\n<meta name=\"twitter:label1\" content=\"Est. reading time\" \/>\n\t<meta name=\"twitter:data1\" content=\"6 minutes\" \/>\n<script type=\"application\/ld+json\" class=\"yoast-schema-graph\">{\"@context\":\"https:\\\/\\\/schema.org\",\"@graph\":[{\"@type\":\"WebPage\",\"@id\":\"https:\\\/\\\/leandrianelle.it\\\/en\\\/tradizioni-cultura-locale\\\/\",\"url\":\"https:\\\/\\\/leandrianelle.it\\\/en\\\/tradizioni-cultura-locale\\\/\",\"name\":\"Tradizioni e cultura locale - Le Andrianelle Ristorante e Hotel\",\"isPartOf\":{\"@id\":\"https:\\\/\\\/leandrianelle.it\\\/en\\\/#website\"},\"datePublished\":\"2026-03-26T16:40:34+00:00\",\"breadcrumb\":{\"@id\":\"https:\\\/\\\/leandrianelle.it\\\/en\\\/tradizioni-cultura-locale\\\/#breadcrumb\"},\"inLanguage\":\"en-US\",\"potentialAction\":[{\"@type\":\"ReadAction\",\"target\":[\"https:\\\/\\\/leandrianelle.it\\\/en\\\/tradizioni-cultura-locale\\\/\"]}]},{\"@type\":\"BreadcrumbList\",\"@id\":\"https:\\\/\\\/leandrianelle.it\\\/en\\\/tradizioni-cultura-locale\\\/#breadcrumb\",\"itemListElement\":[{\"@type\":\"ListItem\",\"position\":1,\"name\":\"Home\",\"item\":\"https:\\\/\\\/leandrianelle.it\\\/en\\\/home\\\/\"},{\"@type\":\"ListItem\",\"position\":2,\"name\":\"Tradizioni e cultura locale\"}]},{\"@type\":\"WebSite\",\"@id\":\"https:\\\/\\\/leandrianelle.it\\\/en\\\/#website\",\"url\":\"https:\\\/\\\/leandrianelle.it\\\/en\\\/\",\"name\":\"Le Andrianelle Ristorante e Hotel\",\"description\":\"\",\"potentialAction\":[{\"@type\":\"SearchAction\",\"target\":{\"@type\":\"EntryPoint\",\"urlTemplate\":\"https:\\\/\\\/leandrianelle.it\\\/en\\\/?s={search_term_string}\"},\"query-input\":{\"@type\":\"PropertyValueSpecification\",\"valueRequired\":true,\"valueName\":\"search_term_string\"}}],\"inLanguage\":\"en-US\"}]}<\/script>\n<!-- \/ Yoast SEO plugin. -->","yoast_head_json":{"title":"Tradizioni e cultura locale - Le Andrianelle Ristorante e Hotel","robots":{"index":"index","follow":"follow","max-snippet":"max-snippet:-1","max-image-preview":"max-image-preview:large","max-video-preview":"max-video-preview:-1"},"canonical":"https:\/\/leandrianelle.it\/en\/tradizioni-cultura-locale\/","og_locale":"en_US","og_type":"article","og_title":"Tradizioni e cultura locale - Le Andrianelle Ristorante e Hotel","og_description":"cultura autenticaTradizioni e cultura localeMercati, feste di paese, artigiani e piccole realt\u00e0 che mantengono viva l'identit\u00e0 del territorio. Visitare Malo e i dintorni significa scoprire una cultura fatta di lavoro, tradizioni e legami autentici. Il Carnevale di Malo, l'anima della citt\u00e0 Il Carnevale di Malo \u00e8 il pi\u00f9 antico e celebre del vicentino: le sue [&hellip;]","og_url":"https:\/\/leandrianelle.it\/en\/tradizioni-cultura-locale\/","og_site_name":"Le Andrianelle Ristorante e Hotel","twitter_card":"summary_large_image","twitter_misc":{"Est. reading time":"6 minutes"},"schema":{"@context":"https:\/\/schema.org","@graph":[{"@type":"WebPage","@id":"https:\/\/leandrianelle.it\/en\/tradizioni-cultura-locale\/","url":"https:\/\/leandrianelle.it\/en\/tradizioni-cultura-locale\/","name":"Tradizioni e cultura locale - Le Andrianelle Ristorante e Hotel","isPartOf":{"@id":"https:\/\/leandrianelle.it\/en\/#website"},"datePublished":"2026-03-26T16:40:34+00:00","breadcrumb":{"@id":"https:\/\/leandrianelle.it\/en\/tradizioni-cultura-locale\/#breadcrumb"},"inLanguage":"en-US","potentialAction":[{"@type":"ReadAction","target":["https:\/\/leandrianelle.it\/en\/tradizioni-cultura-locale\/"]}]},{"@type":"BreadcrumbList","@id":"https:\/\/leandrianelle.it\/en\/tradizioni-cultura-locale\/#breadcrumb","itemListElement":[{"@type":"ListItem","position":1,"name":"Home","item":"https:\/\/leandrianelle.it\/en\/home\/"},{"@type":"ListItem","position":2,"name":"Tradizioni e cultura locale"}]},{"@type":"WebSite","@id":"https:\/\/leandrianelle.it\/en\/#website","url":"https:\/\/leandrianelle.it\/en\/","name":"Le Andrianelle Ristorante e Hotel","description":"","potentialAction":[{"@type":"SearchAction","target":{"@type":"EntryPoint","urlTemplate":"https:\/\/leandrianelle.it\/en\/?s={search_term_string}"},"query-input":{"@type":"PropertyValueSpecification","valueRequired":true,"valueName":"search_term_string"}}],"inLanguage":"en-US"}]}},"_links":{"self":[{"href":"https:\/\/leandrianelle.it\/en\/wp-json\/wp\/v2\/pages\/904","targetHints":{"allow":["GET"]}}],"collection":[{"href":"https:\/\/leandrianelle.it\/en\/wp-json\/wp\/v2\/pages"}],"about":[{"href":"https:\/\/leandrianelle.it\/en\/wp-json\/wp\/v2\/types\/page"}],"author":[{"embeddable":true,"href":"https:\/\/leandrianelle.it\/en\/wp-json\/wp\/v2\/users\/1"}],"replies":[{"embeddable":true,"href":"https:\/\/leandrianelle.it\/en\/wp-json\/wp\/v2\/comments?post=904"}],"version-history":[{"count":0,"href":"https:\/\/leandrianelle.it\/en\/wp-json\/wp\/v2\/pages\/904\/revisions"}],"wp:attachment":[{"href":"https:\/\/leandrianelle.it\/en\/wp-json\/wp\/v2\/media?parent=904"}],"wp:term":[{"taxonomy":"page_category","embeddable":true,"href":"https:\/\/leandrianelle.it\/en\/wp-json\/wp\/v2\/page_category?post=904"}],"curies":[{"name":"wp","href":"https:\/\/api.w.org\/{rel}","templated":true}]}}